{"id":8527,"date":"2026-03-10T19:11:46","date_gmt":"2026-03-10T22:11:46","guid":{"rendered":"https:\/\/kvmcampus.com\/cl\/?post_type=product&#038;p=8527"},"modified":"2026-03-10T19:18:25","modified_gmt":"2026-03-10T22:18:25","slug":"programa-reconectando-con-el-amor-1-a-1","status":"publish","type":"product","link":"https:\/\/kvmcampus.com\/cl\/producto\/programa-reconectando-con-el-amor-1-a-1\/","title":{"rendered":"Programa Reconectando con el Amor &#8211; 1 a 1"},"content":{"rendered":"<h1 data-section-id=\"1w1hywa\" data-start=\"131\" data-end=\"168\">PROGRAMA RECONECTANDO CON EL AMOR<\/h1>\n<h2 data-section-id=\"ds6vzz\" data-start=\"170\" data-end=\"217\"><strong>EXPERIENCIA EXCLUSIVA 1 A 1 CON KATA V\u00c1SQUEZ<\/strong><\/h2>\n<hr data-start=\"219\" data-end=\"222\" \/>\n<h3 data-section-id=\"j5msii\" data-start=\"224\" data-end=\"254\">QU\u00c9 INCLUYE ESTA EXPERIENCIA<\/h3>\n<p data-start=\"256\" data-end=\"353\">9 sesiones privadas de <strong data-start=\"279\" data-end=\"324\">neuroentrenamiento y transformaci\u00f3n 1 a 1<\/strong>, agendadas cada 7 o 15 d\u00edas.<\/p>\n<p data-start=\"355\" data-end=\"528\">3 sesiones de <strong data-start=\"369\" data-end=\"415\">reprogramaci\u00f3n subconsciente personalizada<\/strong>, dise\u00f1adas a partir de tus necesidades reales para instalar un nuevo c\u00f3digo interno en tus relaciones de pareja.<\/p>\n<p data-start=\"530\" data-end=\"621\">1 <strong data-start=\"532\" data-end=\"563\">test diagn\u00f3stico relacional<\/strong>, que te permitir\u00e1 comprender la forma en que te vinculas.<\/p>\n<p data-start=\"623\" data-end=\"720\">1 <strong data-start=\"625\" data-end=\"643\">mapeo vincular<\/strong>, para identificar tus gatillantes emocionales y tus estrategias reguladoras.<\/p>\n<p data-start=\"722\" data-end=\"813\"><strong data-start=\"722\" data-end=\"770\">Ejercicios y audios de reprogramaci\u00f3n mental<\/strong> dise\u00f1ados para acelerar tu transformaci\u00f3n.<\/p>\n<p data-start=\"815\" data-end=\"950\"><strong data-start=\"815\" data-end=\"877\">Acompa\u00f1amiento personalizado por WhatsApp con Kata V\u00e1squez<\/strong> durante la vigencia completa del proceso (6 meses que dura el programa).<\/p>\n<hr data-start=\"952\" data-end=\"955\" \/>\n<h3 data-section-id=\"1goaxh1\" data-start=\"957\" data-end=\"972\">BONO INCLUIDO<\/h3>\n<p data-start=\"974\" data-end=\"1083\"><strong data-start=\"974\" data-end=\"983\">BONO:<\/strong> copia digital del libro<br data-start=\"1007\" data-end=\"1010\" \/><strong data-start=\"1010\" data-end=\"1083\">\u201cRadar de Hombres: Deja de besar sapos y comienza a besar pr\u00edncipes.\u201d<\/strong><\/p>\n<hr data-start=\"1085\" data-end=\"1088\" \/>\n<p data-start=\"1090\" data-end=\"1115\"><strong data-start=\"1090\" data-end=\"1115\">100% en vivo contigo.<\/strong><\/p>\n<p data-start=\"1117\" data-end=\"1148\"><strong data-start=\"1117\" data-end=\"1148\">100% personalizado para ti.<\/strong><\/p>\n<p data-start=\"1150\" data-end=\"1232\" data-is-last-node=\"\" data-is-only-node=\"\"><strong data-start=\"1150\" data-end=\"1232\" data-is-last-node=\"\">100% orientado a una transformaci\u00f3n profunda en tu forma de amar y vincularte.<\/strong><\/p>\n","protected":false},"excerpt":{"rendered":"<p>Programa transformacional donde descubrir\u00e1s el m\u00e9todo para reprogramar tu mente subconsciente, sanar el patr\u00f3n emocional que dirige tus v\u00ednculos y aprender a elegir un amor sano, rec\u00edproco y emocionalmente disponible. Incluye el acompa\u00f1amiento 1 a 1 de Kata.<\/p>\n","protected":false},"featured_media":8529,"comment_status":"open","ping_status":"closed","template":"","meta":{"site-sidebar-layout":"default","site-content-layout":"default","ast-global-header-display":"","ast-main-header-display":"","ast-hfb-above-header-display":"","ast-hfb-below-header-display":"","ast-hfb-mobile-header-display":"","site-post-title":"","ast-breadcrumbs-content":"","ast-featured-img":"","footer-sml-layout":"","theme-transparent-header-meta":"default","adv-header-id-meta":"","stick-header-meta":"default","header-above-stick-meta":"","header-main-stick-meta":"","header-below-stick-meta":""},"product_cat":[40,80,57],"product_tag":[],"class_list":["post-8527","product","type-product","status-publish","has-post-thumbnail","hentry","product_cat-relaciones","product_cat-consulta","product_cat-desarrollo-personal","desktop-align-center","tablet-align-left","mobile-align-left","ast-product-gallery-layout-horizontal-slider","ast-product-gallery-with-no-image","ast-product-tabs-layout-horizontal"],"yoast_head":"<!-- This site is optimized with the Yoast SEO plugin v19.6 - https:\/\/yoast.com\/wordpress\/plugins\/seo\/ -->\n<title>Programa Reconectando con el Amor - 1 a 1 - Kata V\u00e1squez<\/title>\n<meta name=\"robots\" content=\"noindex, follow\" \/>\n<meta property=\"og:locale\" content=\"es_ES\" \/>\n<meta property=\"og:type\" content=\"article\" \/>\n<meta property=\"og:title\" content=\"Programa Reconectando con el Amor - 1 a 1 - Kata V\u00e1squez\" \/>\n<meta property=\"og:description\" content=\"Programa transformacional donde descubrir\u00e1s el m\u00e9todo para reprogramar tu mente subconsciente, sanar el patr\u00f3n emocional que dirige tus v\u00ednculos y aprender a elegir un amor sano, rec\u00edproco y emocionalmente disponible. Incluye el acompa\u00f1amiento 1 a 1 de Kata.\" \/>\n<meta property=\"og:url\" content=\"https:\/\/kvmcampus.com\/cl\/producto\/programa-reconectando-con-el-amor-1-a-1\/\" \/>\n<meta property=\"og:site_name\" content=\"Kata V\u00e1squez\" \/>\n<meta property=\"article:modified_time\" content=\"2026-03-10T22:18:25+00:00\" \/>\n<meta property=\"og:image\" content=\"https:\/\/kvmcampus.com\/cl\/wp-content\/uploads\/LOGO-RECONECTANDO-CON-EL-AMOR-CUADRADO-1000-x-1000-px.png\" \/>\n\t<meta property=\"og:image:width\" content=\"1000\" \/>\n\t<meta property=\"og:image:height\" content=\"1000\" \/>\n\t<meta property=\"og:image:type\" content=\"image\/png\" \/>\n<meta name=\"twitter:card\" content=\"summary_large_image\" \/>\n<meta name=\"twitter:label1\" content=\"Tiempo de lectura\" \/>\n\t<meta name=\"twitter:data1\" content=\"1 minuto\" \/>\n<script type=\"application\/ld+json\" class=\"yoast-schema-graph\">{\"@context\":\"https:\/\/schema.org\",\"@graph\":[{\"@type\":\"WebPage\",\"@id\":\"https:\/\/kvmcampus.com\/cl\/producto\/programa-reconectando-con-el-amor-1-a-1\/\",\"url\":\"https:\/\/kvmcampus.com\/cl\/producto\/programa-reconectando-con-el-amor-1-a-1\/\",\"name\":\"Programa Reconectando con el Amor - 1 a 1 - Kata V\u00e1squez\",\"isPartOf\":{\"@id\":\"https:\/\/kvmcampus.com\/cl\/#website\"},\"datePublished\":\"2026-03-10T22:11:46+00:00\",\"dateModified\":\"2026-03-10T22:18:25+00:00\",\"breadcrumb\":{\"@id\":\"https:\/\/kvmcampus.com\/cl\/producto\/programa-reconectando-con-el-amor-1-a-1\/#breadcrumb\"},\"inLanguage\":\"es\",\"potentialAction\":[{\"@type\":\"ReadAction\",\"target\":[\"https:\/\/kvmcampus.com\/cl\/producto\/programa-reconectando-con-el-amor-1-a-1\/\"]}]},{\"@type\":\"BreadcrumbList\",\"@id\":\"https:\/\/kvmcampus.com\/cl\/producto\/programa-reconectando-con-el-amor-1-a-1\/#breadcrumb\",\"itemListElement\":[{\"@type\":\"ListItem\",\"position\":1,\"name\":\"Home\",\"item\":\"https:\/\/kvmcampus.com\/cl\/\"},{\"@type\":\"ListItem\",\"position\":2,\"name\":\"Tienda\",\"item\":\"https:\/\/kvmcampus.com\/cl\/\"},{\"@type\":\"ListItem\",\"position\":3,\"name\":\"Programa Reconectando con el Amor &#8211; 1 a 1\"}]},{\"@type\":\"WebSite\",\"@id\":\"https:\/\/kvmcampus.com\/cl\/#website\",\"url\":\"https:\/\/kvmcampus.com\/cl\/\",\"name\":\"Kata V\u00e1squez\",\"description\":\"Sitio Oficial\",\"publisher\":{\"@id\":\"https:\/\/kvmcampus.com\/cl\/#organization\"},\"potentialAction\":[{\"@type\":\"SearchAction\",\"target\":{\"@type\":\"EntryPoint\",\"urlTemplate\":\"https:\/\/kvmcampus.com\/cl\/?s={search_term_string}\"},\"query-input\":\"required name=search_term_string\"}],\"inLanguage\":\"es\"},{\"@type\":\"Organization\",\"@id\":\"https:\/\/kvmcampus.com\/cl\/#organization\",\"name\":\"Kata V\u00e1squez\",\"url\":\"https:\/\/kvmcampus.com\/cl\/\",\"sameAs\":[],\"logo\":{\"@type\":\"ImageObject\",\"inLanguage\":\"es\",\"@id\":\"https:\/\/kvmcampus.com\/cl\/#\/schema\/logo\/image\/\",\"url\":\"https:\/\/kvmcampus.com\/cl\/wp-content\/uploads\/Logo-negro-KVMLab.webp\",\"contentUrl\":\"https:\/\/kvmcampus.com\/cl\/wp-content\/uploads\/Logo-negro-KVMLab.webp\",\"width\":1000,\"height\":200,\"caption\":\"Kata V\u00e1squez\"},\"image\":{\"@id\":\"https:\/\/kvmcampus.com\/cl\/#\/schema\/logo\/image\/\"}}]}<\/script>\n<!-- \/ Yoast SEO plugin. -->","yoast_head_json":{"title":"Programa Reconectando con el Amor - 1 a 1 - Kata V\u00e1squez","robots":{"index":"noindex","follow":"follow"},"og_locale":"es_ES","og_type":"article","og_title":"Programa Reconectando con el Amor - 1 a 1 - Kata V\u00e1squez","og_description":"Programa transformacional donde descubrir\u00e1s el m\u00e9todo para reprogramar tu mente subconsciente, sanar el patr\u00f3n emocional que dirige tus v\u00ednculos y aprender a elegir un amor sano, rec\u00edproco y emocionalmente disponible. Incluye el acompa\u00f1amiento 1 a 1 de Kata.","og_url":"https:\/\/kvmcampus.com\/cl\/producto\/programa-reconectando-con-el-amor-1-a-1\/","og_site_name":"Kata V\u00e1squez","article_modified_time":"2026-03-10T22:18:25+00:00","og_image":[{"width":1000,"height":1000,"url":"https:\/\/kvmcampus.com\/cl\/wp-content\/uploads\/LOGO-RECONECTANDO-CON-EL-AMOR-CUADRADO-1000-x-1000-px.png","type":"image\/png"}],"twitter_card":"summary_large_image","twitter_misc":{"Tiempo de lectura":"1 minuto"},"schema":{"@context":"https:\/\/schema.org","@graph":[{"@type":"WebPage","@id":"https:\/\/kvmcampus.com\/cl\/producto\/programa-reconectando-con-el-amor-1-a-1\/","url":"https:\/\/kvmcampus.com\/cl\/producto\/programa-reconectando-con-el-amor-1-a-1\/","name":"Programa Reconectando con el Amor - 1 a 1 - Kata V\u00e1squez","isPartOf":{"@id":"https:\/\/kvmcampus.com\/cl\/#website"},"datePublished":"2026-03-10T22:11:46+00:00","dateModified":"2026-03-10T22:18:25+00:00","breadcrumb":{"@id":"https:\/\/kvmcampus.com\/cl\/producto\/programa-reconectando-con-el-amor-1-a-1\/#breadcrumb"},"inLanguage":"es","potentialAction":[{"@type":"ReadAction","target":["https:\/\/kvmcampus.com\/cl\/producto\/programa-reconectando-con-el-amor-1-a-1\/"]}]},{"@type":"BreadcrumbList","@id":"https:\/\/kvmcampus.com\/cl\/producto\/programa-reconectando-con-el-amor-1-a-1\/#breadcrumb","itemListElement":[{"@type":"ListItem","position":1,"name":"Home","item":"https:\/\/kvmcampus.com\/cl\/"},{"@type":"ListItem","position":2,"name":"Tienda","item":"https:\/\/kvmcampus.com\/cl\/"},{"@type":"ListItem","position":3,"name":"Programa Reconectando con el Amor &#8211; 1 a 1"}]},{"@type":"WebSite","@id":"https:\/\/kvmcampus.com\/cl\/#website","url":"https:\/\/kvmcampus.com\/cl\/","name":"Kata V\u00e1squez","description":"Sitio Oficial","publisher":{"@id":"https:\/\/kvmcampus.com\/cl\/#organization"},"potentialAction":[{"@type":"SearchAction","target":{"@type":"EntryPoint","urlTemplate":"https:\/\/kvmcampus.com\/cl\/?s={search_term_string}"},"query-input":"required name=search_term_string"}],"inLanguage":"es"},{"@type":"Organization","@id":"https:\/\/kvmcampus.com\/cl\/#organization","name":"Kata V\u00e1squez","url":"https:\/\/kvmcampus.com\/cl\/","sameAs":[],"logo":{"@type":"ImageObject","inLanguage":"es","@id":"https:\/\/kvmcampus.com\/cl\/#\/schema\/logo\/image\/","url":"https:\/\/kvmcampus.com\/cl\/wp-content\/uploads\/Logo-negro-KVMLab.webp","contentUrl":"https:\/\/kvmcampus.com\/cl\/wp-content\/uploads\/Logo-negro-KVMLab.webp","width":1000,"height":200,"caption":"Kata V\u00e1squez"},"image":{"@id":"https:\/\/kvmcampus.com\/cl\/#\/schema\/logo\/image\/"}}]}},"_links":{"self":[{"href":"https:\/\/kvmcampus.com\/cl\/wp-json\/wp\/v2\/product\/8527","targetHints":{"allow":["GET"]}}],"collection":[{"href":"https:\/\/kvmcampus.com\/cl\/wp-json\/wp\/v2\/product"}],"about":[{"href":"https:\/\/kvmcampus.com\/cl\/wp-json\/wp\/v2\/types\/product"}],"replies":[{"embeddable":true,"href":"https:\/\/kvmcampus.com\/cl\/wp-json\/wp\/v2\/comments?post=8527"}],"version-history":[{"count":3,"href":"https:\/\/kvmcampus.com\/cl\/wp-json\/wp\/v2\/product\/8527\/revisions"}],"predecessor-version":[{"id":8531,"href":"https:\/\/kvmcampus.com\/cl\/wp-json\/wp\/v2\/product\/8527\/revisions\/8531"}],"wp:featuredmedia":[{"embeddable":true,"href":"https:\/\/kvmcampus.com\/cl\/wp-json\/wp\/v2\/media\/8529"}],"wp:attachment":[{"href":"https:\/\/kvmcampus.com\/cl\/wp-json\/wp\/v2\/media?parent=8527"}],"wp:term":[{"taxonomy":"product_cat","embeddable":true,"href":"https:\/\/kvmcampus.com\/cl\/wp-json\/wp\/v2\/product_cat?post=8527"},{"taxonomy":"product_tag","embeddable":true,"href":"https:\/\/kvmcampus.com\/cl\/wp-json\/wp\/v2\/product_tag?post=8527"}],"curies":[{"name":"wp","href":"https:\/\/api.w.org\/{rel}","templated":true}]}}