{"id":8490,"date":"2025-12-11T21:35:09","date_gmt":"2025-12-12T00:35:09","guid":{"rendered":"https:\/\/kvmcampus.com\/cl\/?post_type=product&#038;p=8490"},"modified":"2025-12-11T21:41:36","modified_gmt":"2025-12-12T00:41:36","slug":"programa-sanando-la-huella-de-mi-infancia-pago-unico","status":"publish","type":"product","link":"https:\/\/kvmcampus.com\/cl\/producto\/programa-sanando-la-huella-de-mi-infancia-pago-unico\/","title":{"rendered":"Programa Sanando la Huella de mi Infancia &#8211; pago \u00fanico"},"content":{"rendered":"<p><strong>Programa Sanando la Huella de Mi Infancia<\/strong><\/p>\n<p>Un viaje terap\u00e9utico profundo para liberar las heridas que siguen dirigiendo tu vida emocional<\/p>\n<p><strong>Incluye:<\/strong><\/p>\n<ul>\n<li style=\"list-style-type: none;\">\n<ul>\n<li>9 sesiones privadas 1 a 1 agendadas cada 15 o 21 d\u00edas.<\/li>\n<li>1 sesi\u00f3n de reprogramaci\u00f3n subconsciente personalizada y basada en tus necesidades reales para brindarte un nuevo c\u00f3digo interno.<\/li>\n<li>9 m\u00f3dulos psicoeducativos reveladores para reentrenar tu cerebro.<\/li>\n<li>9 workbooks de integraci\u00f3n para trabajar en casa.<\/li>\n<li>Ejercicios y audios de reprogramaci\u00f3n para acelerar tu resultado.<\/li>\n<li>Acompa\u00f1amiento personalizado por Kata V\u00e1squez mediante WhatsApp durante la vigencia del proceso (5 a 9 meses que dura el programa).<\/li>\n<li>Acceso al contenido del programa por un a\u00f1o.<\/li>\n<\/ul>\n<\/li>\n<\/ul>\n","protected":false},"excerpt":{"rendered":"<p>Acceso a Programa Sanando la Huella de Mi Infancia<\/p>\n<p>Acceso completo<\/p>\n","protected":false},"featured_media":8492,"comment_status":"open","ping_status":"closed","template":"","meta":{"site-sidebar-layout":"default","site-content-layout":"default","ast-global-header-display":"","ast-main-header-display":"","ast-hfb-above-header-display":"","ast-hfb-below-header-display":"","ast-hfb-mobile-header-display":"","site-post-title":"","ast-breadcrumbs-content":"","ast-featured-img":"","footer-sml-layout":"","theme-transparent-header-meta":"default","adv-header-id-meta":"","stick-header-meta":"default","header-above-stick-meta":"","header-main-stick-meta":"","header-below-stick-meta":""},"product_cat":[40,80,57,55,59],"product_tag":[],"class_list":["post-8490","product","type-product","status-publish","has-post-thumbnail","hentry","product_cat-relaciones","product_cat-consulta","product_cat-desarrollo-personal","product_cat-inteligencia-emocional","product_cat-salud-bienestar","desktop-align-center","tablet-align-left","mobile-align-left","ast-product-gallery-layout-horizontal-slider","ast-product-gallery-with-no-image","ast-product-tabs-layout-horizontal"],"yoast_head":"<!-- This site is optimized with the Yoast SEO plugin v19.6 - https:\/\/yoast.com\/wordpress\/plugins\/seo\/ -->\n<title>Programa Sanando la Huella de mi Infancia - pago \u00fanico - Kata V\u00e1squez<\/title>\n<meta name=\"robots\" content=\"noindex, follow\" \/>\n<meta property=\"og:locale\" content=\"es_ES\" \/>\n<meta property=\"og:type\" content=\"article\" \/>\n<meta property=\"og:title\" content=\"Programa Sanando la Huella de mi Infancia - pago \u00fanico - Kata V\u00e1squez\" \/>\n<meta property=\"og:description\" content=\"Acceso a Programa Sanando la Huella de Mi Infancia  Acceso completo\" \/>\n<meta property=\"og:url\" content=\"https:\/\/kvmcampus.com\/cl\/producto\/programa-sanando-la-huella-de-mi-infancia-pago-unico\/\" \/>\n<meta property=\"og:site_name\" content=\"Kata V\u00e1squez\" \/>\n<meta property=\"article:modified_time\" content=\"2025-12-12T00:41:36+00:00\" \/>\n<meta property=\"og:image\" content=\"https:\/\/kvmcampus.com\/cl\/wp-content\/uploads\/LOGO-SANANDO-LA-HUELLA-DE-MI-INFANCIA-CUADRADO-3.png\" \/>\n\t<meta property=\"og:image:width\" content=\"1000\" \/>\n\t<meta property=\"og:image:height\" content=\"1000\" \/>\n\t<meta property=\"og:image:type\" content=\"image\/png\" \/>\n<meta name=\"twitter:card\" content=\"summary_large_image\" \/>\n<meta name=\"twitter:label1\" content=\"Tiempo de lectura\" \/>\n\t<meta name=\"twitter:data1\" content=\"1 minuto\" \/>\n<script type=\"application\/ld+json\" class=\"yoast-schema-graph\">{\"@context\":\"https:\/\/schema.org\",\"@graph\":[{\"@type\":\"WebPage\",\"@id\":\"https:\/\/kvmcampus.com\/cl\/producto\/programa-sanando-la-huella-de-mi-infancia-pago-unico\/\",\"url\":\"https:\/\/kvmcampus.com\/cl\/producto\/programa-sanando-la-huella-de-mi-infancia-pago-unico\/\",\"name\":\"Programa Sanando la Huella de mi Infancia - pago \u00fanico - Kata V\u00e1squez\",\"isPartOf\":{\"@id\":\"https:\/\/kvmcampus.com\/cl\/#website\"},\"datePublished\":\"2025-12-12T00:35:09+00:00\",\"dateModified\":\"2025-12-12T00:41:36+00:00\",\"breadcrumb\":{\"@id\":\"https:\/\/kvmcampus.com\/cl\/producto\/programa-sanando-la-huella-de-mi-infancia-pago-unico\/#breadcrumb\"},\"inLanguage\":\"es\",\"potentialAction\":[{\"@type\":\"ReadAction\",\"target\":[\"https:\/\/kvmcampus.com\/cl\/producto\/programa-sanando-la-huella-de-mi-infancia-pago-unico\/\"]}]},{\"@type\":\"BreadcrumbList\",\"@id\":\"https:\/\/kvmcampus.com\/cl\/producto\/programa-sanando-la-huella-de-mi-infancia-pago-unico\/#breadcrumb\",\"itemListElement\":[{\"@type\":\"ListItem\",\"position\":1,\"name\":\"Home\",\"item\":\"https:\/\/kvmcampus.com\/cl\/\"},{\"@type\":\"ListItem\",\"position\":2,\"name\":\"Tienda\",\"item\":\"https:\/\/kvmcampus.com\/cl\/\"},{\"@type\":\"ListItem\",\"position\":3,\"name\":\"Programa Sanando la Huella de mi Infancia &#8211; pago \u00fanico\"}]},{\"@type\":\"WebSite\",\"@id\":\"https:\/\/kvmcampus.com\/cl\/#website\",\"url\":\"https:\/\/kvmcampus.com\/cl\/\",\"name\":\"Kata V\u00e1squez\",\"description\":\"Sitio Oficial\",\"publisher\":{\"@id\":\"https:\/\/kvmcampus.com\/cl\/#organization\"},\"potentialAction\":[{\"@type\":\"SearchAction\",\"target\":{\"@type\":\"EntryPoint\",\"urlTemplate\":\"https:\/\/kvmcampus.com\/cl\/?s={search_term_string}\"},\"query-input\":\"required name=search_term_string\"}],\"inLanguage\":\"es\"},{\"@type\":\"Organization\",\"@id\":\"https:\/\/kvmcampus.com\/cl\/#organization\",\"name\":\"Kata V\u00e1squez\",\"url\":\"https:\/\/kvmcampus.com\/cl\/\",\"sameAs\":[],\"logo\":{\"@type\":\"ImageObject\",\"inLanguage\":\"es\",\"@id\":\"https:\/\/kvmcampus.com\/cl\/#\/schema\/logo\/image\/\",\"url\":\"https:\/\/kvmcampus.com\/cl\/wp-content\/uploads\/Logo-negro-KVMLab.webp\",\"contentUrl\":\"https:\/\/kvmcampus.com\/cl\/wp-content\/uploads\/Logo-negro-KVMLab.webp\",\"width\":1000,\"height\":200,\"caption\":\"Kata V\u00e1squez\"},\"image\":{\"@id\":\"https:\/\/kvmcampus.com\/cl\/#\/schema\/logo\/image\/\"}}]}<\/script>\n<!-- \/ Yoast SEO plugin. -->","yoast_head_json":{"title":"Programa Sanando la Huella de mi Infancia - pago \u00fanico - Kata V\u00e1squez","robots":{"index":"noindex","follow":"follow"},"og_locale":"es_ES","og_type":"article","og_title":"Programa Sanando la Huella de mi Infancia - pago \u00fanico - Kata V\u00e1squez","og_description":"Acceso a Programa Sanando la Huella de Mi Infancia  Acceso completo","og_url":"https:\/\/kvmcampus.com\/cl\/producto\/programa-sanando-la-huella-de-mi-infancia-pago-unico\/","og_site_name":"Kata V\u00e1squez","article_modified_time":"2025-12-12T00:41:36+00:00","og_image":[{"width":1000,"height":1000,"url":"https:\/\/kvmcampus.com\/cl\/wp-content\/uploads\/LOGO-SANANDO-LA-HUELLA-DE-MI-INFANCIA-CUADRADO-3.png","type":"image\/png"}],"twitter_card":"summary_large_image","twitter_misc":{"Tiempo de lectura":"1 minuto"},"schema":{"@context":"https:\/\/schema.org","@graph":[{"@type":"WebPage","@id":"https:\/\/kvmcampus.com\/cl\/producto\/programa-sanando-la-huella-de-mi-infancia-pago-unico\/","url":"https:\/\/kvmcampus.com\/cl\/producto\/programa-sanando-la-huella-de-mi-infancia-pago-unico\/","name":"Programa Sanando la Huella de mi Infancia - pago \u00fanico - Kata V\u00e1squez","isPartOf":{"@id":"https:\/\/kvmcampus.com\/cl\/#website"},"datePublished":"2025-12-12T00:35:09+00:00","dateModified":"2025-12-12T00:41:36+00:00","breadcrumb":{"@id":"https:\/\/kvmcampus.com\/cl\/producto\/programa-sanando-la-huella-de-mi-infancia-pago-unico\/#breadcrumb"},"inLanguage":"es","potentialAction":[{"@type":"ReadAction","target":["https:\/\/kvmcampus.com\/cl\/producto\/programa-sanando-la-huella-de-mi-infancia-pago-unico\/"]}]},{"@type":"BreadcrumbList","@id":"https:\/\/kvmcampus.com\/cl\/producto\/programa-sanando-la-huella-de-mi-infancia-pago-unico\/#breadcrumb","itemListElement":[{"@type":"ListItem","position":1,"name":"Home","item":"https:\/\/kvmcampus.com\/cl\/"},{"@type":"ListItem","position":2,"name":"Tienda","item":"https:\/\/kvmcampus.com\/cl\/"},{"@type":"ListItem","position":3,"name":"Programa Sanando la Huella de mi Infancia &#8211; pago \u00fanico"}]},{"@type":"WebSite","@id":"https:\/\/kvmcampus.com\/cl\/#website","url":"https:\/\/kvmcampus.com\/cl\/","name":"Kata V\u00e1squez","description":"Sitio Oficial","publisher":{"@id":"https:\/\/kvmcampus.com\/cl\/#organization"},"potentialAction":[{"@type":"SearchAction","target":{"@type":"EntryPoint","urlTemplate":"https:\/\/kvmcampus.com\/cl\/?s={search_term_string}"},"query-input":"required name=search_term_string"}],"inLanguage":"es"},{"@type":"Organization","@id":"https:\/\/kvmcampus.com\/cl\/#organization","name":"Kata V\u00e1squez","url":"https:\/\/kvmcampus.com\/cl\/","sameAs":[],"logo":{"@type":"ImageObject","inLanguage":"es","@id":"https:\/\/kvmcampus.com\/cl\/#\/schema\/logo\/image\/","url":"https:\/\/kvmcampus.com\/cl\/wp-content\/uploads\/Logo-negro-KVMLab.webp","contentUrl":"https:\/\/kvmcampus.com\/cl\/wp-content\/uploads\/Logo-negro-KVMLab.webp","width":1000,"height":200,"caption":"Kata V\u00e1squez"},"image":{"@id":"https:\/\/kvmcampus.com\/cl\/#\/schema\/logo\/image\/"}}]}},"_links":{"self":[{"href":"https:\/\/kvmcampus.com\/cl\/wp-json\/wp\/v2\/product\/8490","targetHints":{"allow":["GET"]}}],"collection":[{"href":"https:\/\/kvmcampus.com\/cl\/wp-json\/wp\/v2\/product"}],"about":[{"href":"https:\/\/kvmcampus.com\/cl\/wp-json\/wp\/v2\/types\/product"}],"replies":[{"embeddable":true,"href":"https:\/\/kvmcampus.com\/cl\/wp-json\/wp\/v2\/comments?post=8490"}],"version-history":[{"count":2,"href":"https:\/\/kvmcampus.com\/cl\/wp-json\/wp\/v2\/product\/8490\/revisions"}],"predecessor-version":[{"id":8494,"href":"https:\/\/kvmcampus.com\/cl\/wp-json\/wp\/v2\/product\/8490\/revisions\/8494"}],"wp:featuredmedia":[{"embeddable":true,"href":"https:\/\/kvmcampus.com\/cl\/wp-json\/wp\/v2\/media\/8492"}],"wp:attachment":[{"href":"https:\/\/kvmcampus.com\/cl\/wp-json\/wp\/v2\/media?parent=8490"}],"wp:term":[{"taxonomy":"product_cat","embeddable":true,"href":"https:\/\/kvmcampus.com\/cl\/wp-json\/wp\/v2\/product_cat?post=8490"},{"taxonomy":"product_tag","embeddable":true,"href":"https:\/\/kvmcampus.com\/cl\/wp-json\/wp\/v2\/product_tag?post=8490"}],"curies":[{"name":"wp","href":"https:\/\/api.w.org\/{rel}","templated":true}]}}