{"id":8465,"date":"2025-10-06T12:58:59","date_gmt":"2025-10-06T15:58:59","guid":{"rendered":"https:\/\/kvmcampus.com\/cl\/?post_type=product&#038;p=8465"},"modified":"2025-10-22T15:08:24","modified_gmt":"2025-10-22T18:08:24","slug":"retiro-virtual-apuesto-por-mi","status":"publish","type":"product","link":"https:\/\/kvmcampus.com\/cl\/producto\/retiro-virtual-apuesto-por-mi\/","title":{"rendered":"Retiro Virtual &#8220;Apuesto por M\u00ed&#8221;"},"content":{"rendered":"<p>Cuando apuestas por ti y entras al retiro, no solo vives un fin de semana transformador.<br \/>\nTe llevas un <strong>set completo de experiencias y recursos<\/strong> dise\u00f1ados para que sostengas tu poder personal en el tiempo.<\/p>\n<p><strong>Incluye:<\/strong><\/p>\n<ul>\n<li><strong>3 sesiones grupales virtuales en vivo con Kata de 90 a 120 minutos <\/strong>donde experimentar\u00e1s la liberaci\u00f3n de bloqueos y aprender\u00e1s a volver a tu poder cada vez que lo necesites.<\/li>\n<li><strong>3 Workbooks<\/strong> <strong>\u201cApuesto por mi\u201d <\/strong>con ejercicios exclusivos dise\u00f1ados para convertirte en protagonista de tu \u00e9xito con un poder inquebrantable.\u200b<\/li>\n<li><strong>Acceso para toda la vida a las grabaciones y todo el contenido<\/strong>, \u00a1incluyendo todas las actualizaciones de las futuras ediciones!<\/li>\n<li><strong>Entrenamiento en el Power Neurocode<\/strong>, la herramienta neurocient\u00edfica exclusiva que se convierte en tu llave para sostener el cambio para siempre.<\/li>\n<li><strong>Hipnosis grupal exclusiva \u201cDesbloquea tu poder\u201d<\/strong>, para soltar cargas emocionales profundas y reprogramar tu mente para volverte inquebrantable.<\/li>\n<li><strong>Hipnosis transformacional \u201cApuesto por m\u00ed\u201d<\/strong>, en formato grabado para reforzar tu poder personal en el d\u00eda a d\u00eda y potenciar tus resultados del retiro.<\/li>\n<li><strong>Acceso al Whatsapp de la cohorte \u201cApuesto por m\u00ed\u201d<\/strong>, un espacio seguro donde te compartiremos todos los detalles del evento y seguir creciendo.<\/li>\n<\/ul>\n<p><strong>Bonos exclusivos:<\/strong><\/p>\n<ul>\n<li><strong>Audios subliminales \u201cPower Magnet\u201d<\/strong><br \/>\n\u2192 Para reprogramar tu mente mientras trabajas, manejas o realizas cualquier actividad.<br \/>\nValor: USD 97<\/li>\n<li><strong>Kit de Implementaci\u00f3n Power Neurocode<\/strong><br \/>\n\u2192 Para aplicar el m\u00e9todo en tu vida diaria con tu canvas de poder personal y el \u201cDetector de Fugas de Poder\u201d.<br \/>\nValor: USD 100<\/li>\n<li><strong>Copia dedicada de mi libro \u201cRadar de Hombres\u201d<\/strong><br \/>\n\u2192 Para aprender a amar desde tu poder y crear relaciones sanas (libro unisex).<br \/>\nValor: USD 22<\/li>\n<li>BONO 3: <strong>Regalo de USD 97 para tu inscripci\u00f3n en la pr\u00f3xima edici\u00f3n de mi programa insignia \u201cManifiesta tu Poder\u201d <\/strong>\u00a1S\u00ed, quiere decir que cuando decidas seguir trabajando juntos, este Retiro Virtual te habr\u00e1 salido gratis! OFERTA NO ACUMULABLE.<br \/>\nValor: USD 97<\/li>\n<li>BONO EXCLUSIVO (V\u00e1lido hasta el 12 de octubre o agotar stock): <strong>Sesi\u00f3n grupal privada de Q&amp;A en vivo conmigo<\/strong>. En esta sesi\u00f3n exclusiva podr\u00e1s:\u00a0<span style=\"font-size: 16px;\">Resolver tus dudas personales sobre c\u00f3mo aplicar lo aprendido, a<\/span><span style=\"font-size: 16px;\">finar la pr\u00e1ctica del <\/span><strong style=\"font-size: 16px;\" data-start=\"612\" data-end=\"631\">Power Neurocode<\/strong><span style=\"font-size: 16px;\"> en situaciones concretas de tu vida y r<\/span><span style=\"font-size: 16px;\">ecibir orientaci\u00f3n directa para sostener tu poder personal m\u00e1s all\u00e1 del retiro.<\/span><\/li>\n<\/ul>\n<p>&nbsp;<\/p>\n<p>** La fecha del retiro puede variar debido a cambios en la programaci\u00f3n.<\/p>\n","protected":false},"excerpt":{"rendered":"<p>Acceso a Retiro Virtual Grupal &#8220;Apuesto por M\u00ed&#8221;<\/p>\n<p>S\u00e1bado 15 y Domingo 16 de noviembre 2025.<\/p>\n","protected":false},"featured_media":8471,"comment_status":"open","ping_status":"closed","template":"","meta":{"site-sidebar-layout":"default","site-content-layout":"default","ast-global-header-display":"","ast-main-header-display":"","ast-hfb-above-header-display":"","ast-hfb-below-header-display":"","ast-hfb-mobile-header-display":"","site-post-title":"","ast-breadcrumbs-content":"","ast-featured-img":"","footer-sml-layout":"","theme-transparent-header-meta":"default","adv-header-id-meta":"","stick-header-meta":"default","header-above-stick-meta":"","header-main-stick-meta":"","header-below-stick-meta":""},"product_cat":[40,80,57,61,60,59],"product_tag":[],"class_list":["post-8465","product","type-product","status-publish","has-post-thumbnail","hentry","product_cat-relaciones","product_cat-consulta","product_cat-desarrollo-personal","product_cat-emprendimiento","product_cat-exito-riqueza","product_cat-salud-bienestar","desktop-align-center","tablet-align-left","mobile-align-left","ast-product-gallery-layout-horizontal-slider","ast-product-gallery-with-no-image","ast-product-tabs-layout-horizontal"],"yoast_head":"<!-- This site is optimized with the Yoast SEO plugin v19.6 - https:\/\/yoast.com\/wordpress\/plugins\/seo\/ -->\n<title>Retiro Virtual &quot;Apuesto por M\u00ed&quot; - Kata V\u00e1squez<\/title>\n<meta name=\"robots\" content=\"noindex, follow\" \/>\n<meta property=\"og:locale\" content=\"es_ES\" \/>\n<meta property=\"og:type\" content=\"article\" \/>\n<meta property=\"og:title\" content=\"Retiro Virtual &quot;Apuesto por M\u00ed&quot; - Kata V\u00e1squez\" \/>\n<meta property=\"og:description\" content=\"Acceso a Retiro Virtual Grupal &quot;Apuesto por M\u00ed&quot;  S\u00e1bado 15 y Domingo 16 de noviembre 2025.\" \/>\n<meta property=\"og:url\" content=\"https:\/\/kvmcampus.com\/cl\/producto\/retiro-virtual-apuesto-por-mi\/\" \/>\n<meta property=\"og:site_name\" content=\"Kata V\u00e1squez\" \/>\n<meta property=\"article:modified_time\" content=\"2025-10-22T18:08:24+00:00\" \/>\n<meta property=\"og:image\" content=\"https:\/\/kvmcampus.com\/cl\/wp-content\/uploads\/Mi-1.webp\" \/>\n\t<meta property=\"og:image:width\" content=\"1000\" \/>\n\t<meta property=\"og:image:height\" content=\"1000\" \/>\n\t<meta property=\"og:image:type\" content=\"image\/webp\" \/>\n<meta name=\"twitter:card\" content=\"summary_large_image\" \/>\n<meta name=\"twitter:label1\" content=\"Tiempo de lectura\" \/>\n\t<meta name=\"twitter:data1\" content=\"1 minuto\" \/>\n<script type=\"application\/ld+json\" class=\"yoast-schema-graph\">{\"@context\":\"https:\/\/schema.org\",\"@graph\":[{\"@type\":\"WebPage\",\"@id\":\"https:\/\/kvmcampus.com\/cl\/producto\/retiro-virtual-apuesto-por-mi\/\",\"url\":\"https:\/\/kvmcampus.com\/cl\/producto\/retiro-virtual-apuesto-por-mi\/\",\"name\":\"Retiro Virtual \\\"Apuesto por M\u00ed\\\" - Kata V\u00e1squez\",\"isPartOf\":{\"@id\":\"https:\/\/kvmcampus.com\/cl\/#website\"},\"datePublished\":\"2025-10-06T15:58:59+00:00\",\"dateModified\":\"2025-10-22T18:08:24+00:00\",\"breadcrumb\":{\"@id\":\"https:\/\/kvmcampus.com\/cl\/producto\/retiro-virtual-apuesto-por-mi\/#breadcrumb\"},\"inLanguage\":\"es\",\"potentialAction\":[{\"@type\":\"ReadAction\",\"target\":[\"https:\/\/kvmcampus.com\/cl\/producto\/retiro-virtual-apuesto-por-mi\/\"]}]},{\"@type\":\"BreadcrumbList\",\"@id\":\"https:\/\/kvmcampus.com\/cl\/producto\/retiro-virtual-apuesto-por-mi\/#breadcrumb\",\"itemListElement\":[{\"@type\":\"ListItem\",\"position\":1,\"name\":\"Home\",\"item\":\"https:\/\/kvmcampus.com\/cl\/\"},{\"@type\":\"ListItem\",\"position\":2,\"name\":\"Tienda\",\"item\":\"https:\/\/kvmcampus.com\/cl\/\"},{\"@type\":\"ListItem\",\"position\":3,\"name\":\"Retiro Virtual &#8220;Apuesto por M\u00ed&#8221;\"}]},{\"@type\":\"WebSite\",\"@id\":\"https:\/\/kvmcampus.com\/cl\/#website\",\"url\":\"https:\/\/kvmcampus.com\/cl\/\",\"name\":\"Kata V\u00e1squez\",\"description\":\"Sitio Oficial\",\"publisher\":{\"@id\":\"https:\/\/kvmcampus.com\/cl\/#organization\"},\"potentialAction\":[{\"@type\":\"SearchAction\",\"target\":{\"@type\":\"EntryPoint\",\"urlTemplate\":\"https:\/\/kvmcampus.com\/cl\/?s={search_term_string}\"},\"query-input\":\"required name=search_term_string\"}],\"inLanguage\":\"es\"},{\"@type\":\"Organization\",\"@id\":\"https:\/\/kvmcampus.com\/cl\/#organization\",\"name\":\"Kata V\u00e1squez\",\"url\":\"https:\/\/kvmcampus.com\/cl\/\",\"sameAs\":[],\"logo\":{\"@type\":\"ImageObject\",\"inLanguage\":\"es\",\"@id\":\"https:\/\/kvmcampus.com\/cl\/#\/schema\/logo\/image\/\",\"url\":\"https:\/\/kvmcampus.com\/cl\/wp-content\/uploads\/Logo-negro-KVMLab.webp\",\"contentUrl\":\"https:\/\/kvmcampus.com\/cl\/wp-content\/uploads\/Logo-negro-KVMLab.webp\",\"width\":1000,\"height\":200,\"caption\":\"Kata V\u00e1squez\"},\"image\":{\"@id\":\"https:\/\/kvmcampus.com\/cl\/#\/schema\/logo\/image\/\"}}]}<\/script>\n<!-- \/ Yoast SEO plugin. -->","yoast_head_json":{"title":"Retiro Virtual \"Apuesto por M\u00ed\" - Kata V\u00e1squez","robots":{"index":"noindex","follow":"follow"},"og_locale":"es_ES","og_type":"article","og_title":"Retiro Virtual \"Apuesto por M\u00ed\" - Kata V\u00e1squez","og_description":"Acceso a Retiro Virtual Grupal \"Apuesto por M\u00ed\"  S\u00e1bado 15 y Domingo 16 de noviembre 2025.","og_url":"https:\/\/kvmcampus.com\/cl\/producto\/retiro-virtual-apuesto-por-mi\/","og_site_name":"Kata V\u00e1squez","article_modified_time":"2025-10-22T18:08:24+00:00","og_image":[{"width":1000,"height":1000,"url":"https:\/\/kvmcampus.com\/cl\/wp-content\/uploads\/Mi-1.webp","type":"image\/webp"}],"twitter_card":"summary_large_image","twitter_misc":{"Tiempo de lectura":"1 minuto"},"schema":{"@context":"https:\/\/schema.org","@graph":[{"@type":"WebPage","@id":"https:\/\/kvmcampus.com\/cl\/producto\/retiro-virtual-apuesto-por-mi\/","url":"https:\/\/kvmcampus.com\/cl\/producto\/retiro-virtual-apuesto-por-mi\/","name":"Retiro Virtual \"Apuesto por M\u00ed\" - Kata V\u00e1squez","isPartOf":{"@id":"https:\/\/kvmcampus.com\/cl\/#website"},"datePublished":"2025-10-06T15:58:59+00:00","dateModified":"2025-10-22T18:08:24+00:00","breadcrumb":{"@id":"https:\/\/kvmcampus.com\/cl\/producto\/retiro-virtual-apuesto-por-mi\/#breadcrumb"},"inLanguage":"es","potentialAction":[{"@type":"ReadAction","target":["https:\/\/kvmcampus.com\/cl\/producto\/retiro-virtual-apuesto-por-mi\/"]}]},{"@type":"BreadcrumbList","@id":"https:\/\/kvmcampus.com\/cl\/producto\/retiro-virtual-apuesto-por-mi\/#breadcrumb","itemListElement":[{"@type":"ListItem","position":1,"name":"Home","item":"https:\/\/kvmcampus.com\/cl\/"},{"@type":"ListItem","position":2,"name":"Tienda","item":"https:\/\/kvmcampus.com\/cl\/"},{"@type":"ListItem","position":3,"name":"Retiro Virtual &#8220;Apuesto por M\u00ed&#8221;"}]},{"@type":"WebSite","@id":"https:\/\/kvmcampus.com\/cl\/#website","url":"https:\/\/kvmcampus.com\/cl\/","name":"Kata V\u00e1squez","description":"Sitio Oficial","publisher":{"@id":"https:\/\/kvmcampus.com\/cl\/#organization"},"potentialAction":[{"@type":"SearchAction","target":{"@type":"EntryPoint","urlTemplate":"https:\/\/kvmcampus.com\/cl\/?s={search_term_string}"},"query-input":"required name=search_term_string"}],"inLanguage":"es"},{"@type":"Organization","@id":"https:\/\/kvmcampus.com\/cl\/#organization","name":"Kata V\u00e1squez","url":"https:\/\/kvmcampus.com\/cl\/","sameAs":[],"logo":{"@type":"ImageObject","inLanguage":"es","@id":"https:\/\/kvmcampus.com\/cl\/#\/schema\/logo\/image\/","url":"https:\/\/kvmcampus.com\/cl\/wp-content\/uploads\/Logo-negro-KVMLab.webp","contentUrl":"https:\/\/kvmcampus.com\/cl\/wp-content\/uploads\/Logo-negro-KVMLab.webp","width":1000,"height":200,"caption":"Kata V\u00e1squez"},"image":{"@id":"https:\/\/kvmcampus.com\/cl\/#\/schema\/logo\/image\/"}}]}},"_links":{"self":[{"href":"https:\/\/kvmcampus.com\/cl\/wp-json\/wp\/v2\/product\/8465","targetHints":{"allow":["GET"]}}],"collection":[{"href":"https:\/\/kvmcampus.com\/cl\/wp-json\/wp\/v2\/product"}],"about":[{"href":"https:\/\/kvmcampus.com\/cl\/wp-json\/wp\/v2\/types\/product"}],"replies":[{"embeddable":true,"href":"https:\/\/kvmcampus.com\/cl\/wp-json\/wp\/v2\/comments?post=8465"}],"version-history":[{"count":7,"href":"https:\/\/kvmcampus.com\/cl\/wp-json\/wp\/v2\/product\/8465\/revisions"}],"predecessor-version":[{"id":8481,"href":"https:\/\/kvmcampus.com\/cl\/wp-json\/wp\/v2\/product\/8465\/revisions\/8481"}],"wp:featuredmedia":[{"embeddable":true,"href":"https:\/\/kvmcampus.com\/cl\/wp-json\/wp\/v2\/media\/8471"}],"wp:attachment":[{"href":"https:\/\/kvmcampus.com\/cl\/wp-json\/wp\/v2\/media?parent=8465"}],"wp:term":[{"taxonomy":"product_cat","embeddable":true,"href":"https:\/\/kvmcampus.com\/cl\/wp-json\/wp\/v2\/product_cat?post=8465"},{"taxonomy":"product_tag","embeddable":true,"href":"https:\/\/kvmcampus.com\/cl\/wp-json\/wp\/v2\/product_tag?post=8465"}],"curies":[{"name":"wp","href":"https:\/\/api.w.org\/{rel}","templated":true}]}}