{"id":8400,"date":"2025-04-01T21:26:38","date_gmt":"2025-04-02T00:26:38","guid":{"rendered":"https:\/\/kvmcampus.com\/cl\/?post_type=product&#038;p=8400"},"modified":"2025-04-07T18:16:45","modified_gmt":"2025-04-07T22:16:45","slug":"sesion-integral-individual-45-min","status":"publish","type":"product","link":"https:\/\/kvmcampus.com\/cl\/producto\/sesion-integral-individual-45-min\/","title":{"rendered":"Sesi\u00f3n Integral Individual &#8211; 45 min"},"content":{"rendered":"<p><span style=\"font-size: 16px;\">1 Sesi\u00f3n individual v\u00eda Zoom de 45 minutos.<\/span><\/p>\n<p>T\u00e9cnicas que aplicaremos a tu sesi\u00f3n, dependiendo de tu tema a tratar:<\/p>\n<ul>\n<li>Mentoring de vida basado en neurociencias y espiritualidad aplicada.<\/li>\n<li>T\u00e9cnicas bioenerg\u00e9ticas (Sanaci\u00f3n pr\u00e1nica)<\/li>\n<li>Numerolog\u00eda de vida.<\/li>\n<li>Canalizaci\u00f3n.<\/li>\n<li>M\u00e9todo Silva.<\/li>\n<\/ul>\n<p>&nbsp;<\/p>\n<p>Agenda 60 minutos, ya que a veces solemos tomar un poco m\u00e1s de tiempo.<\/p>\n","protected":false},"excerpt":{"rendered":"<p><span style=\"font-size: 16px;\">Sesi\u00f3n individual 1 a 1 con Kata V\u00e1squez <\/span>orientada a conectar con el espacio de bienestar personal en situaciones de desaf\u00edo de la vida, a trav\u00e9s de la gesti\u00f3n emocional, energ\u00e9tica y\/o espiritual.<\/p>\n<p>&nbsp;<\/p>\n","protected":false},"featured_media":8408,"comment_status":"open","ping_status":"closed","template":"","meta":{"site-sidebar-layout":"default","site-content-layout":"default","ast-global-header-display":"","ast-main-header-display":"","ast-hfb-above-header-display":"","ast-hfb-below-header-display":"","ast-hfb-mobile-header-display":"","site-post-title":"","ast-breadcrumbs-content":"","ast-featured-img":"","footer-sml-layout":"","theme-transparent-header-meta":"default","adv-header-id-meta":"","stick-header-meta":"default","header-above-stick-meta":"","header-main-stick-meta":"","header-below-stick-meta":""},"product_cat":[40,80,57,61,60,59],"product_tag":[],"class_list":["post-8400","product","type-product","status-publish","has-post-thumbnail","hentry","product_cat-relaciones","product_cat-consulta","product_cat-desarrollo-personal","product_cat-emprendimiento","product_cat-exito-riqueza","product_cat-salud-bienestar","desktop-align-center","tablet-align-left","mobile-align-left","ast-product-gallery-layout-horizontal-slider","ast-product-gallery-with-no-image","ast-product-tabs-layout-horizontal"],"yoast_head":"<!-- This site is optimized with the Yoast SEO plugin v19.6 - https:\/\/yoast.com\/wordpress\/plugins\/seo\/ -->\n<title>Sesi\u00f3n Integral Individual - 45 min - Kata V\u00e1squez<\/title>\n<meta name=\"robots\" content=\"noindex, follow\" \/>\n<meta property=\"og:locale\" content=\"es_ES\" \/>\n<meta property=\"og:type\" content=\"article\" \/>\n<meta property=\"og:title\" content=\"Sesi\u00f3n Integral Individual - 45 min - Kata V\u00e1squez\" \/>\n<meta property=\"og:description\" content=\"Sesi\u00f3n individual 1 a 1 con Kata V\u00e1squez orientada a conectar con el espacio de bienestar personal en situaciones de desaf\u00edo de la vida, a trav\u00e9s de la gesti\u00f3n emocional, energ\u00e9tica y\/o espiritual.  &nbsp;\" \/>\n<meta property=\"og:url\" content=\"https:\/\/kvmcampus.com\/cl\/producto\/sesion-integral-individual-45-min\/\" \/>\n<meta property=\"og:site_name\" content=\"Kata V\u00e1squez\" \/>\n<meta property=\"article:modified_time\" content=\"2025-04-07T22:16:45+00:00\" \/>\n<meta property=\"og:image\" content=\"https:\/\/kvmcampus.com\/cl\/wp-content\/uploads\/SESION-INTEGRAL-INDIVIDUAL.webp\" \/>\n\t<meta property=\"og:image:width\" content=\"1080\" \/>\n\t<meta property=\"og:image:height\" content=\"1080\" \/>\n\t<meta property=\"og:image:type\" content=\"image\/webp\" \/>\n<meta name=\"twitter:card\" content=\"summary_large_image\" \/>\n<meta name=\"twitter:label1\" content=\"Tiempo de lectura\" \/>\n\t<meta name=\"twitter:data1\" content=\"1 minuto\" \/>\n<script type=\"application\/ld+json\" class=\"yoast-schema-graph\">{\"@context\":\"https:\/\/schema.org\",\"@graph\":[{\"@type\":\"WebPage\",\"@id\":\"https:\/\/kvmcampus.com\/cl\/producto\/sesion-integral-individual-45-min\/\",\"url\":\"https:\/\/kvmcampus.com\/cl\/producto\/sesion-integral-individual-45-min\/\",\"name\":\"Sesi\u00f3n Integral Individual - 45 min - Kata V\u00e1squez\",\"isPartOf\":{\"@id\":\"https:\/\/kvmcampus.com\/cl\/#website\"},\"datePublished\":\"2025-04-02T00:26:38+00:00\",\"dateModified\":\"2025-04-07T22:16:45+00:00\",\"breadcrumb\":{\"@id\":\"https:\/\/kvmcampus.com\/cl\/producto\/sesion-integral-individual-45-min\/#breadcrumb\"},\"inLanguage\":\"es\",\"potentialAction\":[{\"@type\":\"ReadAction\",\"target\":[\"https:\/\/kvmcampus.com\/cl\/producto\/sesion-integral-individual-45-min\/\"]}]},{\"@type\":\"BreadcrumbList\",\"@id\":\"https:\/\/kvmcampus.com\/cl\/producto\/sesion-integral-individual-45-min\/#breadcrumb\",\"itemListElement\":[{\"@type\":\"ListItem\",\"position\":1,\"name\":\"Home\",\"item\":\"https:\/\/kvmcampus.com\/cl\/\"},{\"@type\":\"ListItem\",\"position\":2,\"name\":\"Tienda\",\"item\":\"https:\/\/kvmcampus.com\/cl\/\"},{\"@type\":\"ListItem\",\"position\":3,\"name\":\"Sesi\u00f3n Integral Individual &#8211; 45 min\"}]},{\"@type\":\"WebSite\",\"@id\":\"https:\/\/kvmcampus.com\/cl\/#website\",\"url\":\"https:\/\/kvmcampus.com\/cl\/\",\"name\":\"Kata V\u00e1squez\",\"description\":\"Sitio Oficial\",\"publisher\":{\"@id\":\"https:\/\/kvmcampus.com\/cl\/#organization\"},\"potentialAction\":[{\"@type\":\"SearchAction\",\"target\":{\"@type\":\"EntryPoint\",\"urlTemplate\":\"https:\/\/kvmcampus.com\/cl\/?s={search_term_string}\"},\"query-input\":\"required name=search_term_string\"}],\"inLanguage\":\"es\"},{\"@type\":\"Organization\",\"@id\":\"https:\/\/kvmcampus.com\/cl\/#organization\",\"name\":\"Kata V\u00e1squez\",\"url\":\"https:\/\/kvmcampus.com\/cl\/\",\"sameAs\":[],\"logo\":{\"@type\":\"ImageObject\",\"inLanguage\":\"es\",\"@id\":\"https:\/\/kvmcampus.com\/cl\/#\/schema\/logo\/image\/\",\"url\":\"https:\/\/kvmcampus.com\/cl\/wp-content\/uploads\/Logo-negro-KVMLab.webp\",\"contentUrl\":\"https:\/\/kvmcampus.com\/cl\/wp-content\/uploads\/Logo-negro-KVMLab.webp\",\"width\":1000,\"height\":200,\"caption\":\"Kata V\u00e1squez\"},\"image\":{\"@id\":\"https:\/\/kvmcampus.com\/cl\/#\/schema\/logo\/image\/\"}}]}<\/script>\n<!-- \/ Yoast SEO plugin. -->","yoast_head_json":{"title":"Sesi\u00f3n Integral Individual - 45 min - Kata V\u00e1squez","robots":{"index":"noindex","follow":"follow"},"og_locale":"es_ES","og_type":"article","og_title":"Sesi\u00f3n Integral Individual - 45 min - Kata V\u00e1squez","og_description":"Sesi\u00f3n individual 1 a 1 con Kata V\u00e1squez orientada a conectar con el espacio de bienestar personal en situaciones de desaf\u00edo de la vida, a trav\u00e9s de la gesti\u00f3n emocional, energ\u00e9tica y\/o espiritual.  &nbsp;","og_url":"https:\/\/kvmcampus.com\/cl\/producto\/sesion-integral-individual-45-min\/","og_site_name":"Kata V\u00e1squez","article_modified_time":"2025-04-07T22:16:45+00:00","og_image":[{"width":1080,"height":1080,"url":"https:\/\/kvmcampus.com\/cl\/wp-content\/uploads\/SESION-INTEGRAL-INDIVIDUAL.webp","type":"image\/webp"}],"twitter_card":"summary_large_image","twitter_misc":{"Tiempo de lectura":"1 minuto"},"schema":{"@context":"https:\/\/schema.org","@graph":[{"@type":"WebPage","@id":"https:\/\/kvmcampus.com\/cl\/producto\/sesion-integral-individual-45-min\/","url":"https:\/\/kvmcampus.com\/cl\/producto\/sesion-integral-individual-45-min\/","name":"Sesi\u00f3n Integral Individual - 45 min - Kata V\u00e1squez","isPartOf":{"@id":"https:\/\/kvmcampus.com\/cl\/#website"},"datePublished":"2025-04-02T00:26:38+00:00","dateModified":"2025-04-07T22:16:45+00:00","breadcrumb":{"@id":"https:\/\/kvmcampus.com\/cl\/producto\/sesion-integral-individual-45-min\/#breadcrumb"},"inLanguage":"es","potentialAction":[{"@type":"ReadAction","target":["https:\/\/kvmcampus.com\/cl\/producto\/sesion-integral-individual-45-min\/"]}]},{"@type":"BreadcrumbList","@id":"https:\/\/kvmcampus.com\/cl\/producto\/sesion-integral-individual-45-min\/#breadcrumb","itemListElement":[{"@type":"ListItem","position":1,"name":"Home","item":"https:\/\/kvmcampus.com\/cl\/"},{"@type":"ListItem","position":2,"name":"Tienda","item":"https:\/\/kvmcampus.com\/cl\/"},{"@type":"ListItem","position":3,"name":"Sesi\u00f3n Integral Individual &#8211; 45 min"}]},{"@type":"WebSite","@id":"https:\/\/kvmcampus.com\/cl\/#website","url":"https:\/\/kvmcampus.com\/cl\/","name":"Kata V\u00e1squez","description":"Sitio Oficial","publisher":{"@id":"https:\/\/kvmcampus.com\/cl\/#organization"},"potentialAction":[{"@type":"SearchAction","target":{"@type":"EntryPoint","urlTemplate":"https:\/\/kvmcampus.com\/cl\/?s={search_term_string}"},"query-input":"required name=search_term_string"}],"inLanguage":"es"},{"@type":"Organization","@id":"https:\/\/kvmcampus.com\/cl\/#organization","name":"Kata V\u00e1squez","url":"https:\/\/kvmcampus.com\/cl\/","sameAs":[],"logo":{"@type":"ImageObject","inLanguage":"es","@id":"https:\/\/kvmcampus.com\/cl\/#\/schema\/logo\/image\/","url":"https:\/\/kvmcampus.com\/cl\/wp-content\/uploads\/Logo-negro-KVMLab.webp","contentUrl":"https:\/\/kvmcampus.com\/cl\/wp-content\/uploads\/Logo-negro-KVMLab.webp","width":1000,"height":200,"caption":"Kata V\u00e1squez"},"image":{"@id":"https:\/\/kvmcampus.com\/cl\/#\/schema\/logo\/image\/"}}]}},"_links":{"self":[{"href":"https:\/\/kvmcampus.com\/cl\/wp-json\/wp\/v2\/product\/8400","targetHints":{"allow":["GET"]}}],"collection":[{"href":"https:\/\/kvmcampus.com\/cl\/wp-json\/wp\/v2\/product"}],"about":[{"href":"https:\/\/kvmcampus.com\/cl\/wp-json\/wp\/v2\/types\/product"}],"replies":[{"embeddable":true,"href":"https:\/\/kvmcampus.com\/cl\/wp-json\/wp\/v2\/comments?post=8400"}],"version-history":[{"count":3,"href":"https:\/\/kvmcampus.com\/cl\/wp-json\/wp\/v2\/product\/8400\/revisions"}],"predecessor-version":[{"id":8409,"href":"https:\/\/kvmcampus.com\/cl\/wp-json\/wp\/v2\/product\/8400\/revisions\/8409"}],"wp:featuredmedia":[{"embeddable":true,"href":"https:\/\/kvmcampus.com\/cl\/wp-json\/wp\/v2\/media\/8408"}],"wp:attachment":[{"href":"https:\/\/kvmcampus.com\/cl\/wp-json\/wp\/v2\/media?parent=8400"}],"wp:term":[{"taxonomy":"product_cat","embeddable":true,"href":"https:\/\/kvmcampus.com\/cl\/wp-json\/wp\/v2\/product_cat?post=8400"},{"taxonomy":"product_tag","embeddable":true,"href":"https:\/\/kvmcampus.com\/cl\/wp-json\/wp\/v2\/product_tag?post=8400"}],"curies":[{"name":"wp","href":"https:\/\/api.w.org\/{rel}","templated":true}]}}