{"id":8350,"date":"2025-01-09T12:02:39","date_gmt":"2025-01-09T15:02:39","guid":{"rendered":"https:\/\/kvmcampus.com\/cl\/?post_type=product&#038;p=8350"},"modified":"2025-04-07T18:13:54","modified_gmt":"2025-04-07T22:13:54","slug":"sesion-individual-45-min","status":"publish","type":"product","link":"https:\/\/kvmcampus.com\/cl\/producto\/sesion-individual-45-min\/","title":{"rendered":"Consulta Terap\u00e9utica Individual &#8211; 45 min"},"content":{"rendered":"<p><span style=\"font-size: 16px;\">1 Sesi\u00f3n individual v\u00eda Zoom de 45 minutos.<\/span><\/p>\n<p>Espacio terap\u00e9utico orientado al logro de objetivos concretos utilizando t\u00e9cnicas terap\u00e9uticas basadas en neurociencias del bienestar:<\/p>\n<ul>\n<li>Terapia basada en neurociencias.<\/li>\n<li>Neuroeducaci\u00f3n emocional.<\/li>\n<li>Gesti\u00f3n emocional y educaci\u00f3n emocional<\/li>\n<li>Coaching aplicado a las neurociencias del bienestar.<\/li>\n<\/ul>\n<p>.<\/p>\n","protected":false},"excerpt":{"rendered":"<p><span style=\"font-size: 16px;\">Sesi\u00f3n individual 1 a 1 con Kata V\u00e1squez <\/span>orientada a conectar con el espacio de bienestar personal en situaciones de desaf\u00edo de la vida, a trav\u00e9s de la terapia basada en neurociencias, gesti\u00f3n emocional y educaci\u00f3n emocional.<\/p>\n<p>&nbsp;<\/p>\n","protected":false},"featured_media":8403,"comment_status":"open","ping_status":"closed","template":"","meta":{"site-sidebar-layout":"default","site-content-layout":"default","ast-global-header-display":"","ast-main-header-display":"","ast-hfb-above-header-display":"","ast-hfb-below-header-display":"","ast-hfb-mobile-header-display":"","site-post-title":"","ast-breadcrumbs-content":"","ast-featured-img":"","footer-sml-layout":"","theme-transparent-header-meta":"default","adv-header-id-meta":"","stick-header-meta":"default","header-above-stick-meta":"","header-main-stick-meta":"","header-below-stick-meta":""},"product_cat":[40,80,57,61,60,59],"product_tag":[],"class_list":["post-8350","product","type-product","status-publish","has-post-thumbnail","hentry","product_cat-relaciones","product_cat-consulta","product_cat-desarrollo-personal","product_cat-emprendimiento","product_cat-exito-riqueza","product_cat-salud-bienestar","desktop-align-center","tablet-align-left","mobile-align-left","ast-product-gallery-layout-horizontal-slider","ast-product-gallery-with-no-image","ast-product-tabs-layout-horizontal"],"yoast_head":"<!-- This site is optimized with the Yoast SEO plugin v19.6 - https:\/\/yoast.com\/wordpress\/plugins\/seo\/ -->\n<title>Consulta Terap\u00e9utica Individual - 45 min - Kata V\u00e1squez<\/title>\n<meta name=\"robots\" content=\"noindex, follow\" \/>\n<meta property=\"og:locale\" content=\"es_ES\" \/>\n<meta property=\"og:type\" content=\"article\" \/>\n<meta property=\"og:title\" content=\"Consulta Terap\u00e9utica Individual - 45 min - Kata V\u00e1squez\" \/>\n<meta property=\"og:description\" content=\"Sesi\u00f3n individual 1 a 1 con Kata V\u00e1squez orientada a conectar con el espacio de bienestar personal en situaciones de desaf\u00edo de la vida, a trav\u00e9s de la terapia basada en neurociencias, gesti\u00f3n emocional y educaci\u00f3n emocional.  &nbsp;\" \/>\n<meta property=\"og:url\" content=\"https:\/\/kvmcampus.com\/cl\/producto\/sesion-individual-45-min\/\" \/>\n<meta property=\"og:site_name\" content=\"Kata V\u00e1squez\" \/>\n<meta property=\"article:modified_time\" content=\"2025-04-07T22:13:54+00:00\" \/>\n<meta property=\"og:image\" content=\"https:\/\/kvmcampus.com\/cl\/wp-content\/uploads\/CONSULTA-TERAPEUTICA-INDIVIDUAL-KATA-VASQUEZ.webp\" \/>\n\t<meta property=\"og:image:width\" content=\"1080\" \/>\n\t<meta property=\"og:image:height\" content=\"1080\" \/>\n\t<meta property=\"og:image:type\" content=\"image\/webp\" \/>\n<meta name=\"twitter:card\" content=\"summary_large_image\" \/>\n<meta name=\"twitter:label1\" content=\"Tiempo de lectura\" \/>\n\t<meta name=\"twitter:data1\" content=\"1 minuto\" \/>\n<script type=\"application\/ld+json\" class=\"yoast-schema-graph\">{\"@context\":\"https:\/\/schema.org\",\"@graph\":[{\"@type\":\"WebPage\",\"@id\":\"https:\/\/kvmcampus.com\/cl\/producto\/sesion-individual-45-min\/\",\"url\":\"https:\/\/kvmcampus.com\/cl\/producto\/sesion-individual-45-min\/\",\"name\":\"Consulta Terap\u00e9utica Individual - 45 min - Kata V\u00e1squez\",\"isPartOf\":{\"@id\":\"https:\/\/kvmcampus.com\/cl\/#website\"},\"datePublished\":\"2025-01-09T15:02:39+00:00\",\"dateModified\":\"2025-04-07T22:13:54+00:00\",\"breadcrumb\":{\"@id\":\"https:\/\/kvmcampus.com\/cl\/producto\/sesion-individual-45-min\/#breadcrumb\"},\"inLanguage\":\"es\",\"potentialAction\":[{\"@type\":\"ReadAction\",\"target\":[\"https:\/\/kvmcampus.com\/cl\/producto\/sesion-individual-45-min\/\"]}]},{\"@type\":\"BreadcrumbList\",\"@id\":\"https:\/\/kvmcampus.com\/cl\/producto\/sesion-individual-45-min\/#breadcrumb\",\"itemListElement\":[{\"@type\":\"ListItem\",\"position\":1,\"name\":\"Home\",\"item\":\"https:\/\/kvmcampus.com\/cl\/\"},{\"@type\":\"ListItem\",\"position\":2,\"name\":\"Tienda\",\"item\":\"https:\/\/kvmcampus.com\/cl\/\"},{\"@type\":\"ListItem\",\"position\":3,\"name\":\"Consulta Terap\u00e9utica Individual &#8211; 45 min\"}]},{\"@type\":\"WebSite\",\"@id\":\"https:\/\/kvmcampus.com\/cl\/#website\",\"url\":\"https:\/\/kvmcampus.com\/cl\/\",\"name\":\"Kata V\u00e1squez\",\"description\":\"Sitio Oficial\",\"publisher\":{\"@id\":\"https:\/\/kvmcampus.com\/cl\/#organization\"},\"potentialAction\":[{\"@type\":\"SearchAction\",\"target\":{\"@type\":\"EntryPoint\",\"urlTemplate\":\"https:\/\/kvmcampus.com\/cl\/?s={search_term_string}\"},\"query-input\":\"required name=search_term_string\"}],\"inLanguage\":\"es\"},{\"@type\":\"Organization\",\"@id\":\"https:\/\/kvmcampus.com\/cl\/#organization\",\"name\":\"Kata V\u00e1squez\",\"url\":\"https:\/\/kvmcampus.com\/cl\/\",\"sameAs\":[],\"logo\":{\"@type\":\"ImageObject\",\"inLanguage\":\"es\",\"@id\":\"https:\/\/kvmcampus.com\/cl\/#\/schema\/logo\/image\/\",\"url\":\"https:\/\/kvmcampus.com\/cl\/wp-content\/uploads\/Logo-negro-KVMLab.webp\",\"contentUrl\":\"https:\/\/kvmcampus.com\/cl\/wp-content\/uploads\/Logo-negro-KVMLab.webp\",\"width\":1000,\"height\":200,\"caption\":\"Kata V\u00e1squez\"},\"image\":{\"@id\":\"https:\/\/kvmcampus.com\/cl\/#\/schema\/logo\/image\/\"}}]}<\/script>\n<!-- \/ Yoast SEO plugin. -->","yoast_head_json":{"title":"Consulta Terap\u00e9utica Individual - 45 min - Kata V\u00e1squez","robots":{"index":"noindex","follow":"follow"},"og_locale":"es_ES","og_type":"article","og_title":"Consulta Terap\u00e9utica Individual - 45 min - Kata V\u00e1squez","og_description":"Sesi\u00f3n individual 1 a 1 con Kata V\u00e1squez orientada a conectar con el espacio de bienestar personal en situaciones de desaf\u00edo de la vida, a trav\u00e9s de la terapia basada en neurociencias, gesti\u00f3n emocional y educaci\u00f3n emocional.  &nbsp;","og_url":"https:\/\/kvmcampus.com\/cl\/producto\/sesion-individual-45-min\/","og_site_name":"Kata V\u00e1squez","article_modified_time":"2025-04-07T22:13:54+00:00","og_image":[{"width":1080,"height":1080,"url":"https:\/\/kvmcampus.com\/cl\/wp-content\/uploads\/CONSULTA-TERAPEUTICA-INDIVIDUAL-KATA-VASQUEZ.webp","type":"image\/webp"}],"twitter_card":"summary_large_image","twitter_misc":{"Tiempo de lectura":"1 minuto"},"schema":{"@context":"https:\/\/schema.org","@graph":[{"@type":"WebPage","@id":"https:\/\/kvmcampus.com\/cl\/producto\/sesion-individual-45-min\/","url":"https:\/\/kvmcampus.com\/cl\/producto\/sesion-individual-45-min\/","name":"Consulta Terap\u00e9utica Individual - 45 min - Kata V\u00e1squez","isPartOf":{"@id":"https:\/\/kvmcampus.com\/cl\/#website"},"datePublished":"2025-01-09T15:02:39+00:00","dateModified":"2025-04-07T22:13:54+00:00","breadcrumb":{"@id":"https:\/\/kvmcampus.com\/cl\/producto\/sesion-individual-45-min\/#breadcrumb"},"inLanguage":"es","potentialAction":[{"@type":"ReadAction","target":["https:\/\/kvmcampus.com\/cl\/producto\/sesion-individual-45-min\/"]}]},{"@type":"BreadcrumbList","@id":"https:\/\/kvmcampus.com\/cl\/producto\/sesion-individual-45-min\/#breadcrumb","itemListElement":[{"@type":"ListItem","position":1,"name":"Home","item":"https:\/\/kvmcampus.com\/cl\/"},{"@type":"ListItem","position":2,"name":"Tienda","item":"https:\/\/kvmcampus.com\/cl\/"},{"@type":"ListItem","position":3,"name":"Consulta Terap\u00e9utica Individual &#8211; 45 min"}]},{"@type":"WebSite","@id":"https:\/\/kvmcampus.com\/cl\/#website","url":"https:\/\/kvmcampus.com\/cl\/","name":"Kata V\u00e1squez","description":"Sitio Oficial","publisher":{"@id":"https:\/\/kvmcampus.com\/cl\/#organization"},"potentialAction":[{"@type":"SearchAction","target":{"@type":"EntryPoint","urlTemplate":"https:\/\/kvmcampus.com\/cl\/?s={search_term_string}"},"query-input":"required name=search_term_string"}],"inLanguage":"es"},{"@type":"Organization","@id":"https:\/\/kvmcampus.com\/cl\/#organization","name":"Kata V\u00e1squez","url":"https:\/\/kvmcampus.com\/cl\/","sameAs":[],"logo":{"@type":"ImageObject","inLanguage":"es","@id":"https:\/\/kvmcampus.com\/cl\/#\/schema\/logo\/image\/","url":"https:\/\/kvmcampus.com\/cl\/wp-content\/uploads\/Logo-negro-KVMLab.webp","contentUrl":"https:\/\/kvmcampus.com\/cl\/wp-content\/uploads\/Logo-negro-KVMLab.webp","width":1000,"height":200,"caption":"Kata V\u00e1squez"},"image":{"@id":"https:\/\/kvmcampus.com\/cl\/#\/schema\/logo\/image\/"}}]}},"_links":{"self":[{"href":"https:\/\/kvmcampus.com\/cl\/wp-json\/wp\/v2\/product\/8350","targetHints":{"allow":["GET"]}}],"collection":[{"href":"https:\/\/kvmcampus.com\/cl\/wp-json\/wp\/v2\/product"}],"about":[{"href":"https:\/\/kvmcampus.com\/cl\/wp-json\/wp\/v2\/types\/product"}],"replies":[{"embeddable":true,"href":"https:\/\/kvmcampus.com\/cl\/wp-json\/wp\/v2\/comments?post=8350"}],"version-history":[{"count":6,"href":"https:\/\/kvmcampus.com\/cl\/wp-json\/wp\/v2\/product\/8350\/revisions"}],"predecessor-version":[{"id":8401,"href":"https:\/\/kvmcampus.com\/cl\/wp-json\/wp\/v2\/product\/8350\/revisions\/8401"}],"wp:featuredmedia":[{"embeddable":true,"href":"https:\/\/kvmcampus.com\/cl\/wp-json\/wp\/v2\/media\/8403"}],"wp:attachment":[{"href":"https:\/\/kvmcampus.com\/cl\/wp-json\/wp\/v2\/media?parent=8350"}],"wp:term":[{"taxonomy":"product_cat","embeddable":true,"href":"https:\/\/kvmcampus.com\/cl\/wp-json\/wp\/v2\/product_cat?post=8350"},{"taxonomy":"product_tag","embeddable":true,"href":"https:\/\/kvmcampus.com\/cl\/wp-json\/wp\/v2\/product_tag?post=8350"}],"curies":[{"name":"wp","href":"https:\/\/api.w.org\/{rel}","templated":true}]}}