{"id":8321,"date":"2024-12-05T12:46:17","date_gmt":"2024-12-05T15:46:17","guid":{"rendered":"https:\/\/kvmcampus.com\/cl\/?post_type=product&#038;p=8321"},"modified":"2024-12-05T12:52:29","modified_gmt":"2024-12-05T15:52:29","slug":"giftcard-kata-vasquez-170","status":"publish","type":"product","link":"https:\/\/kvmcampus.com\/cl\/producto\/giftcard-kata-vasquez-170\/","title":{"rendered":"Giftcard Kata V\u00e1squez 170.000"},"content":{"rendered":"<p><strong>Regala Transformaci\u00f3n y Sanaci\u00f3n con una Tarjeta de Regalo de Kata V\u00e1squez<\/strong><\/p>\n<p>Imagina ofrecer a alguien especial la oportunidad de liberarse del miedo, la duda o el estr\u00e9s. O darle a su vida la claridad que necesita para salir del estancamiento. Con una tarjeta de regalo de mi tienda, puedes ayudarles a acceder a programas transformacionales dise\u00f1ados para generar cambios profundos y duraderos.<\/p>\n<p>Algunas de las opciones de programas que tenemos para transformar la vida de tus seres queridos son:<\/p>\n<p>&nbsp;<\/p>\n<ul>\n<li><strong>Programa Transformacional Intensivo con RTT:<\/strong> Orientado a sanar heridas emocionales, dolores f\u00edsicos o superar barreras que les impiden avanzar, utilizando el poder de la mente subconsciente.<\/li>\n<li><strong>Programa Descubre tu Prop\u00f3sito:<\/strong> para conectar con la verdadera esencia y motivaci\u00f3n por la vida.<\/li>\n<li><strong>Programa Coaching Transformacional<\/strong>: Orientado a obtener la claridad interna a trav\u00e9s del propio proceso de autodescubrimiento.<\/li>\n<li><strong>Programa Neurohacking Therapy: <\/strong>Orientado a interrumpir patrones de pensamiento negativo y cambiar el di\u00e1logo interno, entrenando la mente para elegir el camino neuronal que construye un nuevo patr\u00f3n de pensamiento y acci\u00f3n.<\/li>\n<\/ul>\n<p>&nbsp;<\/p>\n<p>Mis programas han guiado a miles de personas en todo el mundo hacia la sanaci\u00f3n y la libertad emocional. Ahora, t\u00fa puedes brindarles esta oportunidad de recibir una gu\u00eda personalizada y transformaci\u00f3n real.<\/p>\n<p>Selecciona la tarjeta del valor que gustes y tu ser querido podr\u00e1 canjearla por cualquiera de mis programas transformacionales. Le daremos un asesoramiento personalizado para que elija la opci\u00f3n m\u00e1s adecuada para \u00e9l o ella. Una vez realizada tu compra, recibir\u00e1s la tarjeta por correo electr\u00f3nico para que la imprimas o la reenv\u00edes f\u00e1cilmente al destinatario.<\/p>\n<p>Regala m\u00e1s que un detalle: regala una oportunidad, regala transformaci\u00f3n. Ayuda a tus seres queridos a superar sus luchas internas y abrir un nuevo cap\u00edtulo lleno de esperanza, sanaci\u00f3n y \u00e9xito personal.<\/p>\n","protected":false},"excerpt":{"rendered":"<p>Imagina ofrecer a alguien especial la oportunidad de liberarse del miedo, la duda o el estr\u00e9s. O darle a su vida la claridad que necesita para salir del estancamiento. Con una tarjeta de regalo de mi tienda, puedes ayudarles a acceder a programas transformacionales dise\u00f1ados para generar cambios profundos y duraderos.<\/p>\n<p>Regalar\u00e1s algo que jam\u00e1s olvidar\u00e1n.<\/p>\n","protected":false},"featured_media":8317,"comment_status":"open","ping_status":"closed","template":"","meta":{"site-sidebar-layout":"default","site-content-layout":"default","ast-global-header-display":"","ast-main-header-display":"","ast-hfb-above-header-display":"","ast-hfb-below-header-display":"","ast-hfb-mobile-header-display":"","site-post-title":"","ast-breadcrumbs-content":"","ast-featured-img":"","footer-sml-layout":"","theme-transparent-header-meta":"default","adv-header-id-meta":"","stick-header-meta":"default","header-above-stick-meta":"","header-main-stick-meta":"","header-below-stick-meta":""},"product_cat":[40,80,57,61,60,59],"product_tag":[],"class_list":["post-8321","product","type-product","status-publish","has-post-thumbnail","hentry","product_cat-relaciones","product_cat-consulta","product_cat-desarrollo-personal","product_cat-emprendimiento","product_cat-exito-riqueza","product_cat-salud-bienestar","desktop-align-center","tablet-align-left","mobile-align-left","ast-product-gallery-layout-horizontal-slider","ast-product-gallery-with-no-image","ast-product-tabs-layout-horizontal"],"yoast_head":"<!-- This site is optimized with the Yoast SEO plugin v19.6 - https:\/\/yoast.com\/wordpress\/plugins\/seo\/ -->\n<title>Giftcard Kata V\u00e1squez 170.000 - Kata V\u00e1squez<\/title>\n<meta name=\"robots\" content=\"noindex, follow\" \/>\n<meta property=\"og:locale\" content=\"es_ES\" \/>\n<meta property=\"og:type\" content=\"article\" \/>\n<meta property=\"og:title\" content=\"Giftcard Kata V\u00e1squez 170.000 - Kata V\u00e1squez\" \/>\n<meta property=\"og:description\" content=\"Imagina ofrecer a alguien especial la oportunidad de liberarse del miedo, la duda o el estr\u00e9s. O darle a su vida la claridad que necesita para salir del estancamiento. Con una tarjeta de regalo de mi tienda, puedes ayudarles a acceder a programas transformacionales dise\u00f1ados para generar cambios profundos y duraderos.  Regalar\u00e1s algo que jam\u00e1s olvidar\u00e1n.\" \/>\n<meta property=\"og:url\" content=\"https:\/\/kvmcampus.com\/cl\/producto\/giftcard-kata-vasquez-170\/\" \/>\n<meta property=\"og:site_name\" content=\"Kata V\u00e1squez\" \/>\n<meta property=\"article:modified_time\" content=\"2024-12-05T15:52:29+00:00\" \/>\n<meta property=\"og:image\" content=\"https:\/\/kvmcampus.com\/cl\/wp-content\/uploads\/Giftcard-kata-vasquez.webp\" \/>\n\t<meta property=\"og:image:width\" content=\"1080\" \/>\n\t<meta property=\"og:image:height\" content=\"1080\" \/>\n\t<meta property=\"og:image:type\" content=\"image\/webp\" \/>\n<meta name=\"twitter:card\" content=\"summary_large_image\" \/>\n<meta name=\"twitter:label1\" content=\"Tiempo de lectura\" \/>\n\t<meta name=\"twitter:data1\" content=\"1 minuto\" \/>\n<script type=\"application\/ld+json\" class=\"yoast-schema-graph\">{\"@context\":\"https:\/\/schema.org\",\"@graph\":[{\"@type\":\"WebPage\",\"@id\":\"https:\/\/kvmcampus.com\/cl\/producto\/giftcard-kata-vasquez-170\/\",\"url\":\"https:\/\/kvmcampus.com\/cl\/producto\/giftcard-kata-vasquez-170\/\",\"name\":\"Giftcard Kata V\u00e1squez 170.000 - Kata V\u00e1squez\",\"isPartOf\":{\"@id\":\"https:\/\/kvmcampus.com\/cl\/#website\"},\"datePublished\":\"2024-12-05T15:46:17+00:00\",\"dateModified\":\"2024-12-05T15:52:29+00:00\",\"breadcrumb\":{\"@id\":\"https:\/\/kvmcampus.com\/cl\/producto\/giftcard-kata-vasquez-170\/#breadcrumb\"},\"inLanguage\":\"es\",\"potentialAction\":[{\"@type\":\"ReadAction\",\"target\":[\"https:\/\/kvmcampus.com\/cl\/producto\/giftcard-kata-vasquez-170\/\"]}]},{\"@type\":\"BreadcrumbList\",\"@id\":\"https:\/\/kvmcampus.com\/cl\/producto\/giftcard-kata-vasquez-170\/#breadcrumb\",\"itemListElement\":[{\"@type\":\"ListItem\",\"position\":1,\"name\":\"Home\",\"item\":\"https:\/\/kvmcampus.com\/cl\/\"},{\"@type\":\"ListItem\",\"position\":2,\"name\":\"Tienda\",\"item\":\"https:\/\/kvmcampus.com\/cl\/\"},{\"@type\":\"ListItem\",\"position\":3,\"name\":\"Giftcard Kata V\u00e1squez 170.000\"}]},{\"@type\":\"WebSite\",\"@id\":\"https:\/\/kvmcampus.com\/cl\/#website\",\"url\":\"https:\/\/kvmcampus.com\/cl\/\",\"name\":\"Kata V\u00e1squez\",\"description\":\"Sitio Oficial\",\"publisher\":{\"@id\":\"https:\/\/kvmcampus.com\/cl\/#organization\"},\"potentialAction\":[{\"@type\":\"SearchAction\",\"target\":{\"@type\":\"EntryPoint\",\"urlTemplate\":\"https:\/\/kvmcampus.com\/cl\/?s={search_term_string}\"},\"query-input\":\"required name=search_term_string\"}],\"inLanguage\":\"es\"},{\"@type\":\"Organization\",\"@id\":\"https:\/\/kvmcampus.com\/cl\/#organization\",\"name\":\"Kata V\u00e1squez\",\"url\":\"https:\/\/kvmcampus.com\/cl\/\",\"sameAs\":[],\"logo\":{\"@type\":\"ImageObject\",\"inLanguage\":\"es\",\"@id\":\"https:\/\/kvmcampus.com\/cl\/#\/schema\/logo\/image\/\",\"url\":\"https:\/\/kvmcampus.com\/cl\/wp-content\/uploads\/Logo-negro-KVMLab.webp\",\"contentUrl\":\"https:\/\/kvmcampus.com\/cl\/wp-content\/uploads\/Logo-negro-KVMLab.webp\",\"width\":1000,\"height\":200,\"caption\":\"Kata V\u00e1squez\"},\"image\":{\"@id\":\"https:\/\/kvmcampus.com\/cl\/#\/schema\/logo\/image\/\"}}]}<\/script>\n<!-- \/ Yoast SEO plugin. -->","yoast_head_json":{"title":"Giftcard Kata V\u00e1squez 170.000 - Kata V\u00e1squez","robots":{"index":"noindex","follow":"follow"},"og_locale":"es_ES","og_type":"article","og_title":"Giftcard Kata V\u00e1squez 170.000 - Kata V\u00e1squez","og_description":"Imagina ofrecer a alguien especial la oportunidad de liberarse del miedo, la duda o el estr\u00e9s. O darle a su vida la claridad que necesita para salir del estancamiento. Con una tarjeta de regalo de mi tienda, puedes ayudarles a acceder a programas transformacionales dise\u00f1ados para generar cambios profundos y duraderos.  Regalar\u00e1s algo que jam\u00e1s olvidar\u00e1n.","og_url":"https:\/\/kvmcampus.com\/cl\/producto\/giftcard-kata-vasquez-170\/","og_site_name":"Kata V\u00e1squez","article_modified_time":"2024-12-05T15:52:29+00:00","og_image":[{"width":1080,"height":1080,"url":"https:\/\/kvmcampus.com\/cl\/wp-content\/uploads\/Giftcard-kata-vasquez.webp","type":"image\/webp"}],"twitter_card":"summary_large_image","twitter_misc":{"Tiempo de lectura":"1 minuto"},"schema":{"@context":"https:\/\/schema.org","@graph":[{"@type":"WebPage","@id":"https:\/\/kvmcampus.com\/cl\/producto\/giftcard-kata-vasquez-170\/","url":"https:\/\/kvmcampus.com\/cl\/producto\/giftcard-kata-vasquez-170\/","name":"Giftcard Kata V\u00e1squez 170.000 - Kata V\u00e1squez","isPartOf":{"@id":"https:\/\/kvmcampus.com\/cl\/#website"},"datePublished":"2024-12-05T15:46:17+00:00","dateModified":"2024-12-05T15:52:29+00:00","breadcrumb":{"@id":"https:\/\/kvmcampus.com\/cl\/producto\/giftcard-kata-vasquez-170\/#breadcrumb"},"inLanguage":"es","potentialAction":[{"@type":"ReadAction","target":["https:\/\/kvmcampus.com\/cl\/producto\/giftcard-kata-vasquez-170\/"]}]},{"@type":"BreadcrumbList","@id":"https:\/\/kvmcampus.com\/cl\/producto\/giftcard-kata-vasquez-170\/#breadcrumb","itemListElement":[{"@type":"ListItem","position":1,"name":"Home","item":"https:\/\/kvmcampus.com\/cl\/"},{"@type":"ListItem","position":2,"name":"Tienda","item":"https:\/\/kvmcampus.com\/cl\/"},{"@type":"ListItem","position":3,"name":"Giftcard Kata V\u00e1squez 170.000"}]},{"@type":"WebSite","@id":"https:\/\/kvmcampus.com\/cl\/#website","url":"https:\/\/kvmcampus.com\/cl\/","name":"Kata V\u00e1squez","description":"Sitio Oficial","publisher":{"@id":"https:\/\/kvmcampus.com\/cl\/#organization"},"potentialAction":[{"@type":"SearchAction","target":{"@type":"EntryPoint","urlTemplate":"https:\/\/kvmcampus.com\/cl\/?s={search_term_string}"},"query-input":"required name=search_term_string"}],"inLanguage":"es"},{"@type":"Organization","@id":"https:\/\/kvmcampus.com\/cl\/#organization","name":"Kata V\u00e1squez","url":"https:\/\/kvmcampus.com\/cl\/","sameAs":[],"logo":{"@type":"ImageObject","inLanguage":"es","@id":"https:\/\/kvmcampus.com\/cl\/#\/schema\/logo\/image\/","url":"https:\/\/kvmcampus.com\/cl\/wp-content\/uploads\/Logo-negro-KVMLab.webp","contentUrl":"https:\/\/kvmcampus.com\/cl\/wp-content\/uploads\/Logo-negro-KVMLab.webp","width":1000,"height":200,"caption":"Kata V\u00e1squez"},"image":{"@id":"https:\/\/kvmcampus.com\/cl\/#\/schema\/logo\/image\/"}}]}},"_links":{"self":[{"href":"https:\/\/kvmcampus.com\/cl\/wp-json\/wp\/v2\/product\/8321","targetHints":{"allow":["GET"]}}],"collection":[{"href":"https:\/\/kvmcampus.com\/cl\/wp-json\/wp\/v2\/product"}],"about":[{"href":"https:\/\/kvmcampus.com\/cl\/wp-json\/wp\/v2\/types\/product"}],"replies":[{"embeddable":true,"href":"https:\/\/kvmcampus.com\/cl\/wp-json\/wp\/v2\/comments?post=8321"}],"version-history":[{"count":1,"href":"https:\/\/kvmcampus.com\/cl\/wp-json\/wp\/v2\/product\/8321\/revisions"}],"predecessor-version":[{"id":8322,"href":"https:\/\/kvmcampus.com\/cl\/wp-json\/wp\/v2\/product\/8321\/revisions\/8322"}],"wp:featuredmedia":[{"embeddable":true,"href":"https:\/\/kvmcampus.com\/cl\/wp-json\/wp\/v2\/media\/8317"}],"wp:attachment":[{"href":"https:\/\/kvmcampus.com\/cl\/wp-json\/wp\/v2\/media?parent=8321"}],"wp:term":[{"taxonomy":"product_cat","embeddable":true,"href":"https:\/\/kvmcampus.com\/cl\/wp-json\/wp\/v2\/product_cat?post=8321"},{"taxonomy":"product_tag","embeddable":true,"href":"https:\/\/kvmcampus.com\/cl\/wp-json\/wp\/v2\/product_tag?post=8321"}],"curies":[{"name":"wp","href":"https:\/\/api.w.org\/{rel}","templated":true}]}}