{"id":8221,"date":"2023-12-11T10:03:39","date_gmt":"2023-12-11T13:03:39","guid":{"rendered":"https:\/\/kvmcampus.com\/cl\/?post_type=product&#038;p=8221"},"modified":"2023-12-11T10:27:54","modified_gmt":"2023-12-11T13:27:54","slug":"terapia-de-regresion-a-vidas-pasadas","status":"publish","type":"product","link":"https:\/\/kvmcampus.com\/cl\/producto\/terapia-de-regresion-a-vidas-pasadas\/","title":{"rendered":"Terapia de Regresi\u00f3n a Vidas Pasadas"},"content":{"rendered":"<p><strong>Programa Terapia de Regresi\u00f3n a Vidas Pasadas<\/strong><\/p>\n<p>El programa se desarrolla en una sesi\u00f3n \u00fanica de larga duraci\u00f3n (2 horas) \u00a0v\u00eda Zoom que nos lleva a la b\u00fasqueda de la causa ra\u00edz del conflicto en vida pasada, aplicaci\u00f3n de herramientas terap\u00e9uticas y an\u00e1lisis de los hallazgos encontrados para modificar y transformar la vida presente a trav\u00e9s de la sanaci\u00f3n.<\/p>\n<p>&nbsp;<\/p>\n<p>\u00a1Prep\u00e1rate para un viaje transformador!<\/p>\n<p>&nbsp;<\/p>\n<p>&nbsp;<\/p>\n<p>Informaci\u00f3n b\u00e1sica<\/p>\n<p>&nbsp;<\/p>\n<ul>\n<li>1 Sesi\u00f3n de Terapia de Regresi\u00f3n a Vidas Pasadas 1 a 1 v\u00eda Zoom. (2 horas)<\/li>\n<li>1 audio de autohipnosis de preparaci\u00f3n previa para la relajaci\u00f3n profunda.<\/li>\n<li>Incluye una reprogramaci\u00f3n subconsciente en autohipnosis &#8220;Vida sin l\u00edmites&#8221;.<\/li>\n<li>Ejercicios pr\u00e1cticos.<\/li>\n<li>Agendamiento anticipado para que no te pierdas tus sesiones.<\/li>\n<li>Acompa\u00f1amiento por 30 d\u00edas v\u00eda Whatsapp.<\/li>\n<li>Workbook de trabajo<\/li>\n<li>Sin requisitos previos.<\/li>\n<\/ul>\n<p>.<\/p>\n","protected":false},"excerpt":{"rendered":"<p>El programa se desarrolla en una sesi\u00f3n \u00fanica de larga duraci\u00f3n (2 horas) \u00a0v\u00eda Zoom que nos lleva a la b\u00fasqueda de la causa ra\u00edz del conflicto en vida pasada, aplicaci\u00f3n de herramientas terap\u00e9uticas y an\u00e1lisis de los hallazgos encontrados para modificar y transformar la vida presente a trav\u00e9s de la sanaci\u00f3n.<\/p>\n<p>Programa privado 1 a 1 con Kata V\u00e1squez.<\/p>\n","protected":false},"featured_media":8224,"comment_status":"open","ping_status":"closed","template":"","meta":{"site-sidebar-layout":"default","site-content-layout":"default","ast-global-header-display":"","ast-main-header-display":"","ast-hfb-above-header-display":"","ast-hfb-below-header-display":"","ast-hfb-mobile-header-display":"","site-post-title":"","ast-breadcrumbs-content":"","ast-featured-img":"","footer-sml-layout":"","theme-transparent-header-meta":"default","adv-header-id-meta":"","stick-header-meta":"default","header-above-stick-meta":"","header-main-stick-meta":"","header-below-stick-meta":""},"product_cat":[40,80,57,61,60,59],"product_tag":[],"class_list":["post-8221","product","type-product","status-publish","has-post-thumbnail","hentry","product_cat-relaciones","product_cat-consulta","product_cat-desarrollo-personal","product_cat-emprendimiento","product_cat-exito-riqueza","product_cat-salud-bienestar","desktop-align-center","tablet-align-left","mobile-align-left","ast-product-gallery-layout-horizontal-slider","ast-product-gallery-with-no-image","ast-product-tabs-layout-horizontal"],"yoast_head":"<!-- This site is optimized with the Yoast SEO plugin v19.6 - https:\/\/yoast.com\/wordpress\/plugins\/seo\/ -->\n<title>Terapia de Regresi\u00f3n a Vidas Pasadas - Kata V\u00e1squez<\/title>\n<meta name=\"robots\" content=\"noindex, follow\" \/>\n<meta property=\"og:locale\" content=\"es_ES\" \/>\n<meta property=\"og:type\" content=\"article\" \/>\n<meta property=\"og:title\" content=\"Terapia de Regresi\u00f3n a Vidas Pasadas - Kata V\u00e1squez\" \/>\n<meta property=\"og:description\" content=\"El programa se desarrolla en una sesi\u00f3n \u00fanica de larga duraci\u00f3n (2 horas) \u00a0v\u00eda Zoom que nos lleva a la b\u00fasqueda de la causa ra\u00edz del conflicto en vida pasada, aplicaci\u00f3n de herramientas terap\u00e9uticas y an\u00e1lisis de los hallazgos encontrados para modificar y transformar la vida presente a trav\u00e9s de la sanaci\u00f3n.  Programa privado 1 a 1 con Kata V\u00e1squez.\" \/>\n<meta property=\"og:url\" content=\"https:\/\/kvmcampus.com\/cl\/producto\/terapia-de-regresion-a-vidas-pasadas\/\" \/>\n<meta property=\"og:site_name\" content=\"Kata V\u00e1squez\" \/>\n<meta property=\"article:modified_time\" content=\"2023-12-11T13:27:54+00:00\" \/>\n<meta property=\"og:image\" content=\"https:\/\/kvmcampus.com\/cl\/wp-content\/uploads\/TERAPIA-REGRESION-A-VIDAS-PASADAS.png\" \/>\n\t<meta property=\"og:image:width\" content=\"1080\" \/>\n\t<meta property=\"og:image:height\" content=\"1080\" \/>\n\t<meta property=\"og:image:type\" content=\"image\/png\" \/>\n<meta name=\"twitter:card\" content=\"summary_large_image\" \/>\n<meta name=\"twitter:label1\" content=\"Tiempo de lectura\" \/>\n\t<meta name=\"twitter:data1\" content=\"1 minuto\" \/>\n<script type=\"application\/ld+json\" class=\"yoast-schema-graph\">{\"@context\":\"https:\/\/schema.org\",\"@graph\":[{\"@type\":\"WebPage\",\"@id\":\"https:\/\/kvmcampus.com\/cl\/producto\/terapia-de-regresion-a-vidas-pasadas\/\",\"url\":\"https:\/\/kvmcampus.com\/cl\/producto\/terapia-de-regresion-a-vidas-pasadas\/\",\"name\":\"Terapia de Regresi\u00f3n a Vidas Pasadas - Kata V\u00e1squez\",\"isPartOf\":{\"@id\":\"https:\/\/kvmcampus.com\/cl\/#website\"},\"datePublished\":\"2023-12-11T13:03:39+00:00\",\"dateModified\":\"2023-12-11T13:27:54+00:00\",\"breadcrumb\":{\"@id\":\"https:\/\/kvmcampus.com\/cl\/producto\/terapia-de-regresion-a-vidas-pasadas\/#breadcrumb\"},\"inLanguage\":\"es\",\"potentialAction\":[{\"@type\":\"ReadAction\",\"target\":[\"https:\/\/kvmcampus.com\/cl\/producto\/terapia-de-regresion-a-vidas-pasadas\/\"]}]},{\"@type\":\"BreadcrumbList\",\"@id\":\"https:\/\/kvmcampus.com\/cl\/producto\/terapia-de-regresion-a-vidas-pasadas\/#breadcrumb\",\"itemListElement\":[{\"@type\":\"ListItem\",\"position\":1,\"name\":\"Home\",\"item\":\"https:\/\/kvmcampus.com\/cl\/\"},{\"@type\":\"ListItem\",\"position\":2,\"name\":\"Tienda\",\"item\":\"https:\/\/kvmcampus.com\/cl\/\"},{\"@type\":\"ListItem\",\"position\":3,\"name\":\"Terapia de Regresi\u00f3n a Vidas Pasadas\"}]},{\"@type\":\"WebSite\",\"@id\":\"https:\/\/kvmcampus.com\/cl\/#website\",\"url\":\"https:\/\/kvmcampus.com\/cl\/\",\"name\":\"Kata V\u00e1squez\",\"description\":\"Sitio Oficial\",\"publisher\":{\"@id\":\"https:\/\/kvmcampus.com\/cl\/#organization\"},\"potentialAction\":[{\"@type\":\"SearchAction\",\"target\":{\"@type\":\"EntryPoint\",\"urlTemplate\":\"https:\/\/kvmcampus.com\/cl\/?s={search_term_string}\"},\"query-input\":\"required name=search_term_string\"}],\"inLanguage\":\"es\"},{\"@type\":\"Organization\",\"@id\":\"https:\/\/kvmcampus.com\/cl\/#organization\",\"name\":\"Kata V\u00e1squez\",\"url\":\"https:\/\/kvmcampus.com\/cl\/\",\"sameAs\":[],\"logo\":{\"@type\":\"ImageObject\",\"inLanguage\":\"es\",\"@id\":\"https:\/\/kvmcampus.com\/cl\/#\/schema\/logo\/image\/\",\"url\":\"https:\/\/kvmcampus.com\/cl\/wp-content\/uploads\/Logo-negro-KVMLab.webp\",\"contentUrl\":\"https:\/\/kvmcampus.com\/cl\/wp-content\/uploads\/Logo-negro-KVMLab.webp\",\"width\":1000,\"height\":200,\"caption\":\"Kata V\u00e1squez\"},\"image\":{\"@id\":\"https:\/\/kvmcampus.com\/cl\/#\/schema\/logo\/image\/\"}}]}<\/script>\n<!-- \/ Yoast SEO plugin. -->","yoast_head_json":{"title":"Terapia de Regresi\u00f3n a Vidas Pasadas - Kata V\u00e1squez","robots":{"index":"noindex","follow":"follow"},"og_locale":"es_ES","og_type":"article","og_title":"Terapia de Regresi\u00f3n a Vidas Pasadas - Kata V\u00e1squez","og_description":"El programa se desarrolla en una sesi\u00f3n \u00fanica de larga duraci\u00f3n (2 horas) \u00a0v\u00eda Zoom que nos lleva a la b\u00fasqueda de la causa ra\u00edz del conflicto en vida pasada, aplicaci\u00f3n de herramientas terap\u00e9uticas y an\u00e1lisis de los hallazgos encontrados para modificar y transformar la vida presente a trav\u00e9s de la sanaci\u00f3n.  Programa privado 1 a 1 con Kata V\u00e1squez.","og_url":"https:\/\/kvmcampus.com\/cl\/producto\/terapia-de-regresion-a-vidas-pasadas\/","og_site_name":"Kata V\u00e1squez","article_modified_time":"2023-12-11T13:27:54+00:00","og_image":[{"width":1080,"height":1080,"url":"https:\/\/kvmcampus.com\/cl\/wp-content\/uploads\/TERAPIA-REGRESION-A-VIDAS-PASADAS.png","type":"image\/png"}],"twitter_card":"summary_large_image","twitter_misc":{"Tiempo de lectura":"1 minuto"},"schema":{"@context":"https:\/\/schema.org","@graph":[{"@type":"WebPage","@id":"https:\/\/kvmcampus.com\/cl\/producto\/terapia-de-regresion-a-vidas-pasadas\/","url":"https:\/\/kvmcampus.com\/cl\/producto\/terapia-de-regresion-a-vidas-pasadas\/","name":"Terapia de Regresi\u00f3n a Vidas Pasadas - Kata V\u00e1squez","isPartOf":{"@id":"https:\/\/kvmcampus.com\/cl\/#website"},"datePublished":"2023-12-11T13:03:39+00:00","dateModified":"2023-12-11T13:27:54+00:00","breadcrumb":{"@id":"https:\/\/kvmcampus.com\/cl\/producto\/terapia-de-regresion-a-vidas-pasadas\/#breadcrumb"},"inLanguage":"es","potentialAction":[{"@type":"ReadAction","target":["https:\/\/kvmcampus.com\/cl\/producto\/terapia-de-regresion-a-vidas-pasadas\/"]}]},{"@type":"BreadcrumbList","@id":"https:\/\/kvmcampus.com\/cl\/producto\/terapia-de-regresion-a-vidas-pasadas\/#breadcrumb","itemListElement":[{"@type":"ListItem","position":1,"name":"Home","item":"https:\/\/kvmcampus.com\/cl\/"},{"@type":"ListItem","position":2,"name":"Tienda","item":"https:\/\/kvmcampus.com\/cl\/"},{"@type":"ListItem","position":3,"name":"Terapia de Regresi\u00f3n a Vidas Pasadas"}]},{"@type":"WebSite","@id":"https:\/\/kvmcampus.com\/cl\/#website","url":"https:\/\/kvmcampus.com\/cl\/","name":"Kata V\u00e1squez","description":"Sitio Oficial","publisher":{"@id":"https:\/\/kvmcampus.com\/cl\/#organization"},"potentialAction":[{"@type":"SearchAction","target":{"@type":"EntryPoint","urlTemplate":"https:\/\/kvmcampus.com\/cl\/?s={search_term_string}"},"query-input":"required name=search_term_string"}],"inLanguage":"es"},{"@type":"Organization","@id":"https:\/\/kvmcampus.com\/cl\/#organization","name":"Kata V\u00e1squez","url":"https:\/\/kvmcampus.com\/cl\/","sameAs":[],"logo":{"@type":"ImageObject","inLanguage":"es","@id":"https:\/\/kvmcampus.com\/cl\/#\/schema\/logo\/image\/","url":"https:\/\/kvmcampus.com\/cl\/wp-content\/uploads\/Logo-negro-KVMLab.webp","contentUrl":"https:\/\/kvmcampus.com\/cl\/wp-content\/uploads\/Logo-negro-KVMLab.webp","width":1000,"height":200,"caption":"Kata V\u00e1squez"},"image":{"@id":"https:\/\/kvmcampus.com\/cl\/#\/schema\/logo\/image\/"}}]}},"_links":{"self":[{"href":"https:\/\/kvmcampus.com\/cl\/wp-json\/wp\/v2\/product\/8221","targetHints":{"allow":["GET"]}}],"collection":[{"href":"https:\/\/kvmcampus.com\/cl\/wp-json\/wp\/v2\/product"}],"about":[{"href":"https:\/\/kvmcampus.com\/cl\/wp-json\/wp\/v2\/types\/product"}],"replies":[{"embeddable":true,"href":"https:\/\/kvmcampus.com\/cl\/wp-json\/wp\/v2\/comments?post=8221"}],"version-history":[{"count":2,"href":"https:\/\/kvmcampus.com\/cl\/wp-json\/wp\/v2\/product\/8221\/revisions"}],"predecessor-version":[{"id":8225,"href":"https:\/\/kvmcampus.com\/cl\/wp-json\/wp\/v2\/product\/8221\/revisions\/8225"}],"wp:featuredmedia":[{"embeddable":true,"href":"https:\/\/kvmcampus.com\/cl\/wp-json\/wp\/v2\/media\/8224"}],"wp:attachment":[{"href":"https:\/\/kvmcampus.com\/cl\/wp-json\/wp\/v2\/media?parent=8221"}],"wp:term":[{"taxonomy":"product_cat","embeddable":true,"href":"https:\/\/kvmcampus.com\/cl\/wp-json\/wp\/v2\/product_cat?post=8221"},{"taxonomy":"product_tag","embeddable":true,"href":"https:\/\/kvmcampus.com\/cl\/wp-json\/wp\/v2\/product_tag?post=8221"}],"curies":[{"name":"wp","href":"https:\/\/api.w.org\/{rel}","templated":true}]}}