{"id":8181,"date":"2023-10-04T15:06:01","date_gmt":"2023-10-04T18:06:01","guid":{"rendered":"https:\/\/kvmcampus.com\/cl\/?post_type=product&#038;p=8181"},"modified":"2023-12-11T10:04:13","modified_gmt":"2023-12-11T13:04:13","slug":"programa-descubre-tu-proposito","status":"publish","type":"product","link":"https:\/\/kvmcampus.com\/cl\/producto\/programa-descubre-tu-proposito\/","title":{"rendered":"Programa Descubre tu Prop\u00f3sito"},"content":{"rendered":"<p><strong>Programa Descubre tu Prop\u00f3sito<\/strong><\/p>\n<p>Vivir una vida con prop\u00f3sito nos conecta con la ruta esencial y la felicidad, por lo que descubrirlo es un regalo maravilloso y necesario para encontrarle sentido a la existencia.<\/p>\n<p>El programa se desarrolla en tres sesiones que se dan habitualmente una por semana para que el cuerpo y mente vayan procesando los hallazgos obtenidos. Al inscribirte recibir\u00e1s el agendamiento de tus sesiones con antelaci\u00f3n y el link de Zoom para conectarte, estando reservado ese espacio para ti.<\/p>\n<p>Este programa es el puntapi\u00e9 inicial para iniciar un camino de transformaci\u00f3n.<\/p>\n<p>&nbsp;<\/p>\n<ul>\n<li>Informaci\u00f3n b\u00e1sica<\/li>\n<li>Agendamiento anticipado para que no te pierdas tus sesiones.<\/li>\n<li>Workbook de trabajo<\/li>\n<li>Sin requisitos previos.<\/li>\n<li>3 Sesiones 1 a 1 v\u00eda Zoom.<\/li>\n<li>Incluye una reprogramaci\u00f3n subconsciente.<\/li>\n<li>Ejercicios pr\u00e1cticos.<\/li>\n<\/ul>\n<p>.<\/p>\n","protected":false},"excerpt":{"rendered":"<p>Vivir una vida con prop\u00f3sito nos conecta con la ruta esencial y la felicidad, por lo que descubrirlo es un regalo maravilloso y necesario para encontrarle sentido a la existencia.<\/p>\n<p>Programa privado 1 a 1 con Kata V\u00e1squez.<\/p>\n","protected":false},"featured_media":8222,"comment_status":"open","ping_status":"closed","template":"","meta":{"site-sidebar-layout":"default","site-content-layout":"default","ast-global-header-display":"","ast-main-header-display":"","ast-hfb-above-header-display":"","ast-hfb-below-header-display":"","ast-hfb-mobile-header-display":"","site-post-title":"","ast-breadcrumbs-content":"","ast-featured-img":"","footer-sml-layout":"","theme-transparent-header-meta":"default","adv-header-id-meta":"","stick-header-meta":"default","header-above-stick-meta":"","header-main-stick-meta":"","header-below-stick-meta":""},"product_cat":[40,80,57,61,60,59],"product_tag":[],"class_list":["post-8181","product","type-product","status-publish","has-post-thumbnail","hentry","product_cat-relaciones","product_cat-consulta","product_cat-desarrollo-personal","product_cat-emprendimiento","product_cat-exito-riqueza","product_cat-salud-bienestar","desktop-align-center","tablet-align-left","mobile-align-left","ast-product-gallery-layout-horizontal-slider","ast-product-gallery-with-no-image","ast-product-tabs-layout-horizontal"],"yoast_head":"<!-- This site is optimized with the Yoast SEO plugin v19.6 - https:\/\/yoast.com\/wordpress\/plugins\/seo\/ -->\n<title>Programa Descubre tu Prop\u00f3sito - Kata V\u00e1squez<\/title>\n<meta name=\"robots\" content=\"noindex, follow\" \/>\n<meta property=\"og:locale\" content=\"es_ES\" \/>\n<meta property=\"og:type\" content=\"article\" \/>\n<meta property=\"og:title\" content=\"Programa Descubre tu Prop\u00f3sito - Kata V\u00e1squez\" \/>\n<meta property=\"og:description\" content=\"Vivir una vida con prop\u00f3sito nos conecta con la ruta esencial y la felicidad, por lo que descubrirlo es un regalo maravilloso y necesario para encontrarle sentido a la existencia.  Programa privado 1 a 1 con Kata V\u00e1squez.\" \/>\n<meta property=\"og:url\" content=\"https:\/\/kvmcampus.com\/cl\/producto\/programa-descubre-tu-proposito\/\" \/>\n<meta property=\"og:site_name\" content=\"Kata V\u00e1squez\" \/>\n<meta property=\"article:modified_time\" content=\"2023-12-11T13:04:13+00:00\" \/>\n<meta property=\"og:image\" content=\"https:\/\/kvmcampus.com\/cl\/wp-content\/uploads\/MINIATURA-PROGRAMAS-WEB-KATA-28.png\" \/>\n\t<meta property=\"og:image:width\" content=\"1080\" \/>\n\t<meta property=\"og:image:height\" content=\"1080\" \/>\n\t<meta property=\"og:image:type\" content=\"image\/png\" \/>\n<meta name=\"twitter:card\" content=\"summary_large_image\" \/>\n<meta name=\"twitter:label1\" content=\"Tiempo de lectura\" \/>\n\t<meta name=\"twitter:data1\" content=\"1 minuto\" \/>\n<script type=\"application\/ld+json\" class=\"yoast-schema-graph\">{\"@context\":\"https:\/\/schema.org\",\"@graph\":[{\"@type\":\"WebPage\",\"@id\":\"https:\/\/kvmcampus.com\/cl\/producto\/programa-descubre-tu-proposito\/\",\"url\":\"https:\/\/kvmcampus.com\/cl\/producto\/programa-descubre-tu-proposito\/\",\"name\":\"Programa Descubre tu Prop\u00f3sito - Kata V\u00e1squez\",\"isPartOf\":{\"@id\":\"https:\/\/kvmcampus.com\/cl\/#website\"},\"datePublished\":\"2023-10-04T18:06:01+00:00\",\"dateModified\":\"2023-12-11T13:04:13+00:00\",\"breadcrumb\":{\"@id\":\"https:\/\/kvmcampus.com\/cl\/producto\/programa-descubre-tu-proposito\/#breadcrumb\"},\"inLanguage\":\"es\",\"potentialAction\":[{\"@type\":\"ReadAction\",\"target\":[\"https:\/\/kvmcampus.com\/cl\/producto\/programa-descubre-tu-proposito\/\"]}]},{\"@type\":\"BreadcrumbList\",\"@id\":\"https:\/\/kvmcampus.com\/cl\/producto\/programa-descubre-tu-proposito\/#breadcrumb\",\"itemListElement\":[{\"@type\":\"ListItem\",\"position\":1,\"name\":\"Home\",\"item\":\"https:\/\/kvmcampus.com\/cl\/\"},{\"@type\":\"ListItem\",\"position\":2,\"name\":\"Tienda\",\"item\":\"https:\/\/kvmcampus.com\/cl\/\"},{\"@type\":\"ListItem\",\"position\":3,\"name\":\"Programa Descubre tu Prop\u00f3sito\"}]},{\"@type\":\"WebSite\",\"@id\":\"https:\/\/kvmcampus.com\/cl\/#website\",\"url\":\"https:\/\/kvmcampus.com\/cl\/\",\"name\":\"Kata V\u00e1squez\",\"description\":\"Sitio Oficial\",\"publisher\":{\"@id\":\"https:\/\/kvmcampus.com\/cl\/#organization\"},\"potentialAction\":[{\"@type\":\"SearchAction\",\"target\":{\"@type\":\"EntryPoint\",\"urlTemplate\":\"https:\/\/kvmcampus.com\/cl\/?s={search_term_string}\"},\"query-input\":\"required name=search_term_string\"}],\"inLanguage\":\"es\"},{\"@type\":\"Organization\",\"@id\":\"https:\/\/kvmcampus.com\/cl\/#organization\",\"name\":\"Kata V\u00e1squez\",\"url\":\"https:\/\/kvmcampus.com\/cl\/\",\"sameAs\":[],\"logo\":{\"@type\":\"ImageObject\",\"inLanguage\":\"es\",\"@id\":\"https:\/\/kvmcampus.com\/cl\/#\/schema\/logo\/image\/\",\"url\":\"https:\/\/kvmcampus.com\/cl\/wp-content\/uploads\/Logo-negro-KVMLab.webp\",\"contentUrl\":\"https:\/\/kvmcampus.com\/cl\/wp-content\/uploads\/Logo-negro-KVMLab.webp\",\"width\":1000,\"height\":200,\"caption\":\"Kata V\u00e1squez\"},\"image\":{\"@id\":\"https:\/\/kvmcampus.com\/cl\/#\/schema\/logo\/image\/\"}}]}<\/script>\n<!-- \/ Yoast SEO plugin. -->","yoast_head_json":{"title":"Programa Descubre tu Prop\u00f3sito - Kata V\u00e1squez","robots":{"index":"noindex","follow":"follow"},"og_locale":"es_ES","og_type":"article","og_title":"Programa Descubre tu Prop\u00f3sito - Kata V\u00e1squez","og_description":"Vivir una vida con prop\u00f3sito nos conecta con la ruta esencial y la felicidad, por lo que descubrirlo es un regalo maravilloso y necesario para encontrarle sentido a la existencia.  Programa privado 1 a 1 con Kata V\u00e1squez.","og_url":"https:\/\/kvmcampus.com\/cl\/producto\/programa-descubre-tu-proposito\/","og_site_name":"Kata V\u00e1squez","article_modified_time":"2023-12-11T13:04:13+00:00","og_image":[{"width":1080,"height":1080,"url":"https:\/\/kvmcampus.com\/cl\/wp-content\/uploads\/MINIATURA-PROGRAMAS-WEB-KATA-28.png","type":"image\/png"}],"twitter_card":"summary_large_image","twitter_misc":{"Tiempo de lectura":"1 minuto"},"schema":{"@context":"https:\/\/schema.org","@graph":[{"@type":"WebPage","@id":"https:\/\/kvmcampus.com\/cl\/producto\/programa-descubre-tu-proposito\/","url":"https:\/\/kvmcampus.com\/cl\/producto\/programa-descubre-tu-proposito\/","name":"Programa Descubre tu Prop\u00f3sito - Kata V\u00e1squez","isPartOf":{"@id":"https:\/\/kvmcampus.com\/cl\/#website"},"datePublished":"2023-10-04T18:06:01+00:00","dateModified":"2023-12-11T13:04:13+00:00","breadcrumb":{"@id":"https:\/\/kvmcampus.com\/cl\/producto\/programa-descubre-tu-proposito\/#breadcrumb"},"inLanguage":"es","potentialAction":[{"@type":"ReadAction","target":["https:\/\/kvmcampus.com\/cl\/producto\/programa-descubre-tu-proposito\/"]}]},{"@type":"BreadcrumbList","@id":"https:\/\/kvmcampus.com\/cl\/producto\/programa-descubre-tu-proposito\/#breadcrumb","itemListElement":[{"@type":"ListItem","position":1,"name":"Home","item":"https:\/\/kvmcampus.com\/cl\/"},{"@type":"ListItem","position":2,"name":"Tienda","item":"https:\/\/kvmcampus.com\/cl\/"},{"@type":"ListItem","position":3,"name":"Programa Descubre tu Prop\u00f3sito"}]},{"@type":"WebSite","@id":"https:\/\/kvmcampus.com\/cl\/#website","url":"https:\/\/kvmcampus.com\/cl\/","name":"Kata V\u00e1squez","description":"Sitio Oficial","publisher":{"@id":"https:\/\/kvmcampus.com\/cl\/#organization"},"potentialAction":[{"@type":"SearchAction","target":{"@type":"EntryPoint","urlTemplate":"https:\/\/kvmcampus.com\/cl\/?s={search_term_string}"},"query-input":"required name=search_term_string"}],"inLanguage":"es"},{"@type":"Organization","@id":"https:\/\/kvmcampus.com\/cl\/#organization","name":"Kata V\u00e1squez","url":"https:\/\/kvmcampus.com\/cl\/","sameAs":[],"logo":{"@type":"ImageObject","inLanguage":"es","@id":"https:\/\/kvmcampus.com\/cl\/#\/schema\/logo\/image\/","url":"https:\/\/kvmcampus.com\/cl\/wp-content\/uploads\/Logo-negro-KVMLab.webp","contentUrl":"https:\/\/kvmcampus.com\/cl\/wp-content\/uploads\/Logo-negro-KVMLab.webp","width":1000,"height":200,"caption":"Kata V\u00e1squez"},"image":{"@id":"https:\/\/kvmcampus.com\/cl\/#\/schema\/logo\/image\/"}}]}},"_links":{"self":[{"href":"https:\/\/kvmcampus.com\/cl\/wp-json\/wp\/v2\/product\/8181","targetHints":{"allow":["GET"]}}],"collection":[{"href":"https:\/\/kvmcampus.com\/cl\/wp-json\/wp\/v2\/product"}],"about":[{"href":"https:\/\/kvmcampus.com\/cl\/wp-json\/wp\/v2\/types\/product"}],"replies":[{"embeddable":true,"href":"https:\/\/kvmcampus.com\/cl\/wp-json\/wp\/v2\/comments?post=8181"}],"version-history":[{"count":3,"href":"https:\/\/kvmcampus.com\/cl\/wp-json\/wp\/v2\/product\/8181\/revisions"}],"predecessor-version":[{"id":8184,"href":"https:\/\/kvmcampus.com\/cl\/wp-json\/wp\/v2\/product\/8181\/revisions\/8184"}],"wp:featuredmedia":[{"embeddable":true,"href":"https:\/\/kvmcampus.com\/cl\/wp-json\/wp\/v2\/media\/8222"}],"wp:attachment":[{"href":"https:\/\/kvmcampus.com\/cl\/wp-json\/wp\/v2\/media?parent=8181"}],"wp:term":[{"taxonomy":"product_cat","embeddable":true,"href":"https:\/\/kvmcampus.com\/cl\/wp-json\/wp\/v2\/product_cat?post=8181"},{"taxonomy":"product_tag","embeddable":true,"href":"https:\/\/kvmcampus.com\/cl\/wp-json\/wp\/v2\/product_tag?post=8181"}],"curies":[{"name":"wp","href":"https:\/\/api.w.org\/{rel}","templated":true}]}}