{"id":8164,"date":"2023-09-01T11:19:18","date_gmt":"2023-09-01T15:19:18","guid":{"rendered":"https:\/\/kvmcampus.com\/cl\/?post_type=product&#038;p=8164"},"modified":"2024-12-29T11:59:39","modified_gmt":"2024-12-29T14:59:39","slug":"coaching-transformacional-4-sesiones","status":"publish","type":"product","link":"https:\/\/kvmcampus.com\/cl\/producto\/coaching-transformacional-4-sesiones\/","title":{"rendered":"Coaching Transformacional &#8211; 4 sesiones"},"content":{"rendered":"<p>El programa completo incluye:<\/p>\n<p>Videollamada inicial de preparaci\u00f3n donde fijaremos tu objetivo de programa.<br \/>\n4 sesiones de coaching v\u00eda Zoom, cada una de 45 minutos.<\/p>\n<p>Recibir\u00e1s un formulario donde ingresar\u00e1s tus datos y objetivo de sesi\u00f3n.<\/p>\n<p>Material de trabajo de acuerdo al objetivo de programa.<\/p>\n","protected":false},"excerpt":{"rendered":"<p>Programa orientado a acelerar los resultados en relaciones personales, desarrollo de carrera, preparaci\u00f3n ejecutiva y obtenci\u00f3n de habilidades claves para la profesi\u00f3n y la vida.<\/p>\n<p>Programa privado 1 a 1 con Kata V\u00e1squez.<\/p>\n","protected":false},"featured_media":8276,"comment_status":"open","ping_status":"closed","template":"","meta":{"site-sidebar-layout":"default","site-content-layout":"default","ast-global-header-display":"","ast-main-header-display":"","ast-hfb-above-header-display":"","ast-hfb-below-header-display":"","ast-hfb-mobile-header-display":"","site-post-title":"","ast-breadcrumbs-content":"","ast-featured-img":"","footer-sml-layout":"","theme-transparent-header-meta":"default","adv-header-id-meta":"","stick-header-meta":"default","header-above-stick-meta":"","header-main-stick-meta":"","header-below-stick-meta":""},"product_cat":[40,80,57,61,60,59],"product_tag":[],"class_list":["post-8164","product","type-product","status-publish","has-post-thumbnail","hentry","product_cat-relaciones","product_cat-consulta","product_cat-desarrollo-personal","product_cat-emprendimiento","product_cat-exito-riqueza","product_cat-salud-bienestar","desktop-align-center","tablet-align-left","mobile-align-left","ast-product-gallery-layout-horizontal-slider","ast-product-gallery-with-no-image","ast-product-tabs-layout-horizontal"],"yoast_head":"<!-- This site is optimized with the Yoast SEO plugin v19.6 - https:\/\/yoast.com\/wordpress\/plugins\/seo\/ -->\n<title>Coaching Transformacional - 4 sesiones - Kata V\u00e1squez<\/title>\n<meta name=\"robots\" content=\"noindex, follow\" \/>\n<meta property=\"og:locale\" content=\"es_ES\" \/>\n<meta property=\"og:type\" content=\"article\" \/>\n<meta property=\"og:title\" content=\"Coaching Transformacional - 4 sesiones - Kata V\u00e1squez\" \/>\n<meta property=\"og:description\" content=\"Programa orientado a acelerar los resultados en relaciones personales, desarrollo de carrera, preparaci\u00f3n ejecutiva y obtenci\u00f3n de habilidades claves para la profesi\u00f3n y la vida.  Programa privado 1 a 1 con Kata V\u00e1squez.\" \/>\n<meta property=\"og:url\" content=\"https:\/\/kvmcampus.com\/cl\/producto\/coaching-transformacional-4-sesiones\/\" \/>\n<meta property=\"og:site_name\" content=\"Kata V\u00e1squez\" \/>\n<meta property=\"article:modified_time\" content=\"2024-12-29T14:59:39+00:00\" \/>\n<meta property=\"og:image\" content=\"https:\/\/kvmcampus.com\/cl\/wp-content\/uploads\/cuatro-sesiones-coaching-transformacional-katavasquez.webp\" \/>\n\t<meta property=\"og:image:width\" content=\"1080\" \/>\n\t<meta property=\"og:image:height\" content=\"1080\" \/>\n\t<meta property=\"og:image:type\" content=\"image\/webp\" \/>\n<meta name=\"twitter:card\" content=\"summary_large_image\" \/>\n<meta name=\"twitter:label1\" content=\"Tiempo de lectura\" \/>\n\t<meta name=\"twitter:data1\" content=\"1 minuto\" \/>\n<script type=\"application\/ld+json\" class=\"yoast-schema-graph\">{\"@context\":\"https:\/\/schema.org\",\"@graph\":[{\"@type\":\"WebPage\",\"@id\":\"https:\/\/kvmcampus.com\/cl\/producto\/coaching-transformacional-4-sesiones\/\",\"url\":\"https:\/\/kvmcampus.com\/cl\/producto\/coaching-transformacional-4-sesiones\/\",\"name\":\"Coaching Transformacional - 4 sesiones - Kata V\u00e1squez\",\"isPartOf\":{\"@id\":\"https:\/\/kvmcampus.com\/cl\/#website\"},\"datePublished\":\"2023-09-01T15:19:18+00:00\",\"dateModified\":\"2024-12-29T14:59:39+00:00\",\"breadcrumb\":{\"@id\":\"https:\/\/kvmcampus.com\/cl\/producto\/coaching-transformacional-4-sesiones\/#breadcrumb\"},\"inLanguage\":\"es\",\"potentialAction\":[{\"@type\":\"ReadAction\",\"target\":[\"https:\/\/kvmcampus.com\/cl\/producto\/coaching-transformacional-4-sesiones\/\"]}]},{\"@type\":\"BreadcrumbList\",\"@id\":\"https:\/\/kvmcampus.com\/cl\/producto\/coaching-transformacional-4-sesiones\/#breadcrumb\",\"itemListElement\":[{\"@type\":\"ListItem\",\"position\":1,\"name\":\"Home\",\"item\":\"https:\/\/kvmcampus.com\/cl\/\"},{\"@type\":\"ListItem\",\"position\":2,\"name\":\"Tienda\",\"item\":\"https:\/\/kvmcampus.com\/cl\/\"},{\"@type\":\"ListItem\",\"position\":3,\"name\":\"Coaching Transformacional &#8211; 4 sesiones\"}]},{\"@type\":\"WebSite\",\"@id\":\"https:\/\/kvmcampus.com\/cl\/#website\",\"url\":\"https:\/\/kvmcampus.com\/cl\/\",\"name\":\"Kata V\u00e1squez\",\"description\":\"Sitio Oficial\",\"publisher\":{\"@id\":\"https:\/\/kvmcampus.com\/cl\/#organization\"},\"potentialAction\":[{\"@type\":\"SearchAction\",\"target\":{\"@type\":\"EntryPoint\",\"urlTemplate\":\"https:\/\/kvmcampus.com\/cl\/?s={search_term_string}\"},\"query-input\":\"required name=search_term_string\"}],\"inLanguage\":\"es\"},{\"@type\":\"Organization\",\"@id\":\"https:\/\/kvmcampus.com\/cl\/#organization\",\"name\":\"Kata V\u00e1squez\",\"url\":\"https:\/\/kvmcampus.com\/cl\/\",\"sameAs\":[],\"logo\":{\"@type\":\"ImageObject\",\"inLanguage\":\"es\",\"@id\":\"https:\/\/kvmcampus.com\/cl\/#\/schema\/logo\/image\/\",\"url\":\"https:\/\/kvmcampus.com\/cl\/wp-content\/uploads\/Logo-negro-KVMLab.webp\",\"contentUrl\":\"https:\/\/kvmcampus.com\/cl\/wp-content\/uploads\/Logo-negro-KVMLab.webp\",\"width\":1000,\"height\":200,\"caption\":\"Kata V\u00e1squez\"},\"image\":{\"@id\":\"https:\/\/kvmcampus.com\/cl\/#\/schema\/logo\/image\/\"}}]}<\/script>\n<!-- \/ Yoast SEO plugin. -->","yoast_head_json":{"title":"Coaching Transformacional - 4 sesiones - Kata V\u00e1squez","robots":{"index":"noindex","follow":"follow"},"og_locale":"es_ES","og_type":"article","og_title":"Coaching Transformacional - 4 sesiones - Kata V\u00e1squez","og_description":"Programa orientado a acelerar los resultados en relaciones personales, desarrollo de carrera, preparaci\u00f3n ejecutiva y obtenci\u00f3n de habilidades claves para la profesi\u00f3n y la vida.  Programa privado 1 a 1 con Kata V\u00e1squez.","og_url":"https:\/\/kvmcampus.com\/cl\/producto\/coaching-transformacional-4-sesiones\/","og_site_name":"Kata V\u00e1squez","article_modified_time":"2024-12-29T14:59:39+00:00","og_image":[{"width":1080,"height":1080,"url":"https:\/\/kvmcampus.com\/cl\/wp-content\/uploads\/cuatro-sesiones-coaching-transformacional-katavasquez.webp","type":"image\/webp"}],"twitter_card":"summary_large_image","twitter_misc":{"Tiempo de lectura":"1 minuto"},"schema":{"@context":"https:\/\/schema.org","@graph":[{"@type":"WebPage","@id":"https:\/\/kvmcampus.com\/cl\/producto\/coaching-transformacional-4-sesiones\/","url":"https:\/\/kvmcampus.com\/cl\/producto\/coaching-transformacional-4-sesiones\/","name":"Coaching Transformacional - 4 sesiones - Kata V\u00e1squez","isPartOf":{"@id":"https:\/\/kvmcampus.com\/cl\/#website"},"datePublished":"2023-09-01T15:19:18+00:00","dateModified":"2024-12-29T14:59:39+00:00","breadcrumb":{"@id":"https:\/\/kvmcampus.com\/cl\/producto\/coaching-transformacional-4-sesiones\/#breadcrumb"},"inLanguage":"es","potentialAction":[{"@type":"ReadAction","target":["https:\/\/kvmcampus.com\/cl\/producto\/coaching-transformacional-4-sesiones\/"]}]},{"@type":"BreadcrumbList","@id":"https:\/\/kvmcampus.com\/cl\/producto\/coaching-transformacional-4-sesiones\/#breadcrumb","itemListElement":[{"@type":"ListItem","position":1,"name":"Home","item":"https:\/\/kvmcampus.com\/cl\/"},{"@type":"ListItem","position":2,"name":"Tienda","item":"https:\/\/kvmcampus.com\/cl\/"},{"@type":"ListItem","position":3,"name":"Coaching Transformacional &#8211; 4 sesiones"}]},{"@type":"WebSite","@id":"https:\/\/kvmcampus.com\/cl\/#website","url":"https:\/\/kvmcampus.com\/cl\/","name":"Kata V\u00e1squez","description":"Sitio Oficial","publisher":{"@id":"https:\/\/kvmcampus.com\/cl\/#organization"},"potentialAction":[{"@type":"SearchAction","target":{"@type":"EntryPoint","urlTemplate":"https:\/\/kvmcampus.com\/cl\/?s={search_term_string}"},"query-input":"required name=search_term_string"}],"inLanguage":"es"},{"@type":"Organization","@id":"https:\/\/kvmcampus.com\/cl\/#organization","name":"Kata V\u00e1squez","url":"https:\/\/kvmcampus.com\/cl\/","sameAs":[],"logo":{"@type":"ImageObject","inLanguage":"es","@id":"https:\/\/kvmcampus.com\/cl\/#\/schema\/logo\/image\/","url":"https:\/\/kvmcampus.com\/cl\/wp-content\/uploads\/Logo-negro-KVMLab.webp","contentUrl":"https:\/\/kvmcampus.com\/cl\/wp-content\/uploads\/Logo-negro-KVMLab.webp","width":1000,"height":200,"caption":"Kata V\u00e1squez"},"image":{"@id":"https:\/\/kvmcampus.com\/cl\/#\/schema\/logo\/image\/"}}]}},"_links":{"self":[{"href":"https:\/\/kvmcampus.com\/cl\/wp-json\/wp\/v2\/product\/8164","targetHints":{"allow":["GET"]}}],"collection":[{"href":"https:\/\/kvmcampus.com\/cl\/wp-json\/wp\/v2\/product"}],"about":[{"href":"https:\/\/kvmcampus.com\/cl\/wp-json\/wp\/v2\/types\/product"}],"replies":[{"embeddable":true,"href":"https:\/\/kvmcampus.com\/cl\/wp-json\/wp\/v2\/comments?post=8164"}],"version-history":[{"count":4,"href":"https:\/\/kvmcampus.com\/cl\/wp-json\/wp\/v2\/product\/8164\/revisions"}],"predecessor-version":[{"id":8287,"href":"https:\/\/kvmcampus.com\/cl\/wp-json\/wp\/v2\/product\/8164\/revisions\/8287"}],"wp:featuredmedia":[{"embeddable":true,"href":"https:\/\/kvmcampus.com\/cl\/wp-json\/wp\/v2\/media\/8276"}],"wp:attachment":[{"href":"https:\/\/kvmcampus.com\/cl\/wp-json\/wp\/v2\/media?parent=8164"}],"wp:term":[{"taxonomy":"product_cat","embeddable":true,"href":"https:\/\/kvmcampus.com\/cl\/wp-json\/wp\/v2\/product_cat?post=8164"},{"taxonomy":"product_tag","embeddable":true,"href":"https:\/\/kvmcampus.com\/cl\/wp-json\/wp\/v2\/product_tag?post=8164"}],"curies":[{"name":"wp","href":"https:\/\/api.w.org\/{rel}","templated":true}]}}