{"id":1254,"date":"2022-04-21T11:30:08","date_gmt":"2022-04-21T15:30:08","guid":{"rendered":"https:\/\/kvmcampus.com\/cl\/?post_type=product&#038;p=1254"},"modified":"2025-10-07T16:19:50","modified_gmt":"2025-10-07T19:19:50","slug":"libro-radar-de-hombres-version-tapa-blanda","status":"publish","type":"product","link":"https:\/\/kvmcampus.com\/cl\/producto\/libro-radar-de-hombres-version-tapa-blanda\/","title":{"rendered":"Libro Radar de Hombres"},"content":{"rendered":"<p>Gu\u00eda paso a paso para detectar al HOMBRE PERFECTO para ti y obtener todo lo que quieres en el amor, activando a la MUJER PODEROSA que habita en ti.<\/p>\n<p>Radar de Hombres es un libro empoderador y sanador, donde su autora, a trav\u00e9s de historias de la vida real y su propia historia, sumerge al lector en un viaje de autodescubrimiento para encontrar la causa que\u00a0<strong>explica por qu\u00e9 conecta con amores t\u00f3xicos<\/strong>\u00a0y, a trav\u00e9s de sus t\u00e9cnicas y ejercicios incorporados en el libro,\u00a0<strong>ofrece un camino de autosanaci\u00f3n y reprogramaci\u00f3n de la mente<\/strong>.<\/p>\n<p>Radar de hombres otorga una completa gu\u00eda paso a paso para\u00a0<strong>detectar patrones t\u00f3xicos, sacarle partido a tus citas de Tinder\u00a0<\/strong>y que logres optimizar tu tiempo invertido en la b\u00fasqueda del amor, saliendo del tedioso loop de \u201ccita en cita\u201d y conectar con esa pareja so\u00f1ada manteniendo los ojos bien abiertos.<\/p>\n<p>RADAR DE HOMBRES es una obra inspirada en mujeres y para mujeres, donde cada historia ha sido relatada con picard\u00eda, emociones y mucha reflexi\u00f3n.<\/p>\n<p>En este libro te comparto mi historia personal, mi viaje de sanaci\u00f3n y el de muchas mujeres que colaboraron con sus testimonios de vida para que aprendas a reconocer los patrones t\u00f3xicos de potenciales parejas t\u00f3xicas y tomes resguardo a tiempo. Amar demasiado es una adicci\u00f3n y aprender a amar sanamente es una decisi\u00f3n. Esta obra proporciona las respuestas para conocerte a ti misma, entender tu proceso personal y, muy especialmente, descifrar por qu\u00e9 te sigues cruzando con sapos con corona. El amor no es s\u00f3lo qu\u00edmica rom\u00e1ntica, es un viaje de autoconocimiento y de descubrimiento del otro ser donde, a trav\u00e9s del conocimiento mutuo, sabes si ese bomb\u00f3n hizo\u00a0<em>match<\/em>\u00a0contigo y t\u00fa con \u00e9l.<\/p>\n<p><strong>Este libro te ayuda a descubrir a esa diosa que habita en ti.<\/strong><\/p>\n<p><strong>Dentro de todas las mujeres habita una MUJER PODEROSA y este libro te ense\u00f1ar\u00e1 a despertarla para siempre.<\/strong><\/p>\n<p>&nbsp;<\/p>\n<p><strong>Especificaciones:<\/strong><\/p>\n<ul>\n<li>Autor: Kata V\u00e1squez<\/li>\n<li>G\u00e9nero: Autoayuda<\/li>\n<li>Subg\u00e9nero: Empoderamiento femenino, b\u00fasqueda de pareja<\/li>\n<li>ISBN: 9789564045047<\/li>\n<li>N\u00famero de edici\u00f3n: 1\u00aa<\/li>\n<li>Dimensiones del producto: 23x15x2 cm<\/li>\n<li>Peso: 0,6 kg.<\/li>\n<li>Dimensiones paquete: 25x39x2,5 cm.<\/li>\n<li>Encuadernaci\u00f3n: Libro tapa blanda<\/li>\n<li>Interior: Papel ahuesado.<\/li>\n<li>Detalles de terminaci\u00f3n: Impresi\u00f3n con doble solapa y polipropileno mate de alta resistencia.<\/li>\n<li>N\u00famero de p\u00e1ginas: 416 p\u00e1ginas<\/li>\n<li>Otros incluidos: Marcador de p\u00e1ginas en su interior<\/li>\n<li>Tipo de empaque: Empaque protegido con bolsa termocontraible<\/li>\n<li>Editorial: Workholistic<\/li>\n<\/ul>\n<p>&nbsp;<\/p>\n<p><strong>Nota:<\/strong> Si deseas tu libro dedicado, al finalizar tu compra env\u00eda un mensaje de inmediato a <a href=\"mailto:contacto@kvmcampus.com\">contacto@katavasquez.com<\/a> con tu n\u00famero de pedido y el nombre de quien deseas dedicar el libro y llegar\u00e1 a la direcci\u00f3n se\u00f1alada en la compra dedicado y sin cobertura de polipropileno termocontra\u00edble. Recuerda que los libros dedicados no se acogen a cambio ni devoluci\u00f3n.<\/p>\n","protected":false},"excerpt":{"rendered":"<p>Libro Radar de Hombres: Deja atr\u00e1s a los sapos y comienza a besar pr\u00edncipes.<\/p>\n<p>Gu\u00eda paso a paso para detectar al HOMBRE PERFECTO para ti y obtener todo lo que quieres en el amor, activando a la <strong>MUJER PODEROSA<\/strong> que habita en ti.<\/p>\n<p><strong>\ud83c\udde8\ud83c\uddf1 Venta exclusiva en Chile.<\/strong><br \/>\n\ud83c\udf0e Para adquirirlo en cualquier parte del mundo, hacer click <a href=\"https:\/\/www.amazon.com\/-\/es\/Kata-V%C3%A1squez\/dp\/9564045045\">aqu\u00ed<\/a>.<\/p>\n","protected":false},"featured_media":8473,"comment_status":"open","ping_status":"closed","template":"","meta":{"site-sidebar-layout":"default","site-content-layout":"default","ast-global-header-display":"","ast-main-header-display":"","ast-hfb-above-header-display":"","ast-hfb-below-header-display":"","ast-hfb-mobile-header-display":"","site-post-title":"","ast-breadcrumbs-content":"","ast-featured-img":"","footer-sml-layout":"","theme-transparent-header-meta":"default","adv-header-id-meta":"","stick-header-meta":"default","header-above-stick-meta":"","header-main-stick-meta":"","header-below-stick-meta":""},"product_cat":[42],"product_tag":[],"class_list":["post-1254","product","type-product","status-publish","has-post-thumbnail","hentry","product_cat-libros","desktop-align-center","tablet-align-left","mobile-align-left","ast-product-gallery-layout-horizontal-slider","ast-product-gallery-with-no-image","ast-product-tabs-layout-horizontal"],"yoast_head":"<!-- This site is optimized with the Yoast SEO plugin v19.6 - https:\/\/yoast.com\/wordpress\/plugins\/seo\/ -->\n<title>Libro Radar de Hombres - Kata V\u00e1squez<\/title>\n<meta name=\"description\" content=\"Gu\u00eda paso a paso para detectar al HOMBRE PERFECTO para ti y obtener todo lo que quieres en el amor, activando a la MUJER PODEROSA que habita en ti. Utiliza el poder de tu mente para conectar con la pareja que sue\u00f1as.\" \/>\n<meta name=\"robots\" content=\"noindex, follow\" \/>\n<meta property=\"og:locale\" content=\"es_ES\" \/>\n<meta property=\"og:type\" content=\"article\" \/>\n<meta property=\"og:title\" content=\"Libro Radar de Hombres - Kata V\u00e1squez\" \/>\n<meta property=\"og:description\" content=\"Gu\u00eda paso a paso para detectar al HOMBRE PERFECTO para ti y obtener todo lo que quieres en el amor, activando a la MUJER PODEROSA que habita en ti. Utiliza el poder de tu mente para conectar con la pareja que sue\u00f1as.\" \/>\n<meta property=\"og:url\" content=\"https:\/\/kvmcampus.com\/cl\/producto\/libro-radar-de-hombres-version-tapa-blanda\/\" \/>\n<meta property=\"og:site_name\" content=\"Kata V\u00e1squez\" \/>\n<meta property=\"article:modified_time\" content=\"2025-10-07T19:19:50+00:00\" \/>\n<meta property=\"og:image\" content=\"https:\/\/kvmcampus.com\/cl\/wp-content\/uploads\/Libro-Radar-de-Hombres-de-Kata-Vasquez.webp\" \/>\n\t<meta property=\"og:image:width\" content=\"1000\" \/>\n\t<meta property=\"og:image:height\" content=\"1000\" \/>\n\t<meta property=\"og:image:type\" content=\"image\/webp\" \/>\n<meta name=\"twitter:card\" content=\"summary_large_image\" \/>\n<meta name=\"twitter:label1\" content=\"Tiempo de lectura\" \/>\n\t<meta name=\"twitter:data1\" content=\"3 minutos\" \/>\n<script type=\"application\/ld+json\" class=\"yoast-schema-graph\">{\"@context\":\"https:\/\/schema.org\",\"@graph\":[{\"@type\":\"WebPage\",\"@id\":\"https:\/\/kvmcampus.com\/cl\/producto\/libro-radar-de-hombres-version-tapa-blanda\/\",\"url\":\"https:\/\/kvmcampus.com\/cl\/producto\/libro-radar-de-hombres-version-tapa-blanda\/\",\"name\":\"Libro Radar de Hombres - Kata V\u00e1squez\",\"isPartOf\":{\"@id\":\"https:\/\/kvmcampus.com\/cl\/#website\"},\"datePublished\":\"2022-04-21T15:30:08+00:00\",\"dateModified\":\"2025-10-07T19:19:50+00:00\",\"description\":\"Gu\u00eda paso a paso para detectar al HOMBRE PERFECTO para ti y obtener todo lo que quieres en el amor, activando a la MUJER PODEROSA que habita en ti. Utiliza el poder de tu mente para conectar con la pareja que sue\u00f1as.\",\"breadcrumb\":{\"@id\":\"https:\/\/kvmcampus.com\/cl\/producto\/libro-radar-de-hombres-version-tapa-blanda\/#breadcrumb\"},\"inLanguage\":\"es\",\"potentialAction\":[{\"@type\":\"ReadAction\",\"target\":[\"https:\/\/kvmcampus.com\/cl\/producto\/libro-radar-de-hombres-version-tapa-blanda\/\"]}]},{\"@type\":\"BreadcrumbList\",\"@id\":\"https:\/\/kvmcampus.com\/cl\/producto\/libro-radar-de-hombres-version-tapa-blanda\/#breadcrumb\",\"itemListElement\":[{\"@type\":\"ListItem\",\"position\":1,\"name\":\"Home\",\"item\":\"https:\/\/kvmcampus.com\/cl\/\"},{\"@type\":\"ListItem\",\"position\":2,\"name\":\"Tienda\",\"item\":\"https:\/\/kvmcampus.com\/cl\/\"},{\"@type\":\"ListItem\",\"position\":3,\"name\":\"Libro Radar de Hombres\"}]},{\"@type\":\"WebSite\",\"@id\":\"https:\/\/kvmcampus.com\/cl\/#website\",\"url\":\"https:\/\/kvmcampus.com\/cl\/\",\"name\":\"Kata V\u00e1squez\",\"description\":\"Sitio Oficial\",\"publisher\":{\"@id\":\"https:\/\/kvmcampus.com\/cl\/#organization\"},\"potentialAction\":[{\"@type\":\"SearchAction\",\"target\":{\"@type\":\"EntryPoint\",\"urlTemplate\":\"https:\/\/kvmcampus.com\/cl\/?s={search_term_string}\"},\"query-input\":\"required name=search_term_string\"}],\"inLanguage\":\"es\"},{\"@type\":\"Organization\",\"@id\":\"https:\/\/kvmcampus.com\/cl\/#organization\",\"name\":\"Kata V\u00e1squez\",\"url\":\"https:\/\/kvmcampus.com\/cl\/\",\"sameAs\":[],\"logo\":{\"@type\":\"ImageObject\",\"inLanguage\":\"es\",\"@id\":\"https:\/\/kvmcampus.com\/cl\/#\/schema\/logo\/image\/\",\"url\":\"https:\/\/kvmcampus.com\/cl\/wp-content\/uploads\/Logo-negro-KVMLab.webp\",\"contentUrl\":\"https:\/\/kvmcampus.com\/cl\/wp-content\/uploads\/Logo-negro-KVMLab.webp\",\"width\":1000,\"height\":200,\"caption\":\"Kata V\u00e1squez\"},\"image\":{\"@id\":\"https:\/\/kvmcampus.com\/cl\/#\/schema\/logo\/image\/\"}}]}<\/script>\n<!-- \/ Yoast SEO plugin. -->","yoast_head_json":{"title":"Libro Radar de Hombres - Kata V\u00e1squez","description":"Gu\u00eda paso a paso para detectar al HOMBRE PERFECTO para ti y obtener todo lo que quieres en el amor, activando a la MUJER PODEROSA que habita en ti. Utiliza el poder de tu mente para conectar con la pareja que sue\u00f1as.","robots":{"index":"noindex","follow":"follow"},"og_locale":"es_ES","og_type":"article","og_title":"Libro Radar de Hombres - Kata V\u00e1squez","og_description":"Gu\u00eda paso a paso para detectar al HOMBRE PERFECTO para ti y obtener todo lo que quieres en el amor, activando a la MUJER PODEROSA que habita en ti. Utiliza el poder de tu mente para conectar con la pareja que sue\u00f1as.","og_url":"https:\/\/kvmcampus.com\/cl\/producto\/libro-radar-de-hombres-version-tapa-blanda\/","og_site_name":"Kata V\u00e1squez","article_modified_time":"2025-10-07T19:19:50+00:00","og_image":[{"width":1000,"height":1000,"url":"https:\/\/kvmcampus.com\/cl\/wp-content\/uploads\/Libro-Radar-de-Hombres-de-Kata-Vasquez.webp","type":"image\/webp"}],"twitter_card":"summary_large_image","twitter_misc":{"Tiempo de lectura":"3 minutos"},"schema":{"@context":"https:\/\/schema.org","@graph":[{"@type":"WebPage","@id":"https:\/\/kvmcampus.com\/cl\/producto\/libro-radar-de-hombres-version-tapa-blanda\/","url":"https:\/\/kvmcampus.com\/cl\/producto\/libro-radar-de-hombres-version-tapa-blanda\/","name":"Libro Radar de Hombres - Kata V\u00e1squez","isPartOf":{"@id":"https:\/\/kvmcampus.com\/cl\/#website"},"datePublished":"2022-04-21T15:30:08+00:00","dateModified":"2025-10-07T19:19:50+00:00","description":"Gu\u00eda paso a paso para detectar al HOMBRE PERFECTO para ti y obtener todo lo que quieres en el amor, activando a la MUJER PODEROSA que habita en ti. Utiliza el poder de tu mente para conectar con la pareja que sue\u00f1as.","breadcrumb":{"@id":"https:\/\/kvmcampus.com\/cl\/producto\/libro-radar-de-hombres-version-tapa-blanda\/#breadcrumb"},"inLanguage":"es","potentialAction":[{"@type":"ReadAction","target":["https:\/\/kvmcampus.com\/cl\/producto\/libro-radar-de-hombres-version-tapa-blanda\/"]}]},{"@type":"BreadcrumbList","@id":"https:\/\/kvmcampus.com\/cl\/producto\/libro-radar-de-hombres-version-tapa-blanda\/#breadcrumb","itemListElement":[{"@type":"ListItem","position":1,"name":"Home","item":"https:\/\/kvmcampus.com\/cl\/"},{"@type":"ListItem","position":2,"name":"Tienda","item":"https:\/\/kvmcampus.com\/cl\/"},{"@type":"ListItem","position":3,"name":"Libro Radar de Hombres"}]},{"@type":"WebSite","@id":"https:\/\/kvmcampus.com\/cl\/#website","url":"https:\/\/kvmcampus.com\/cl\/","name":"Kata V\u00e1squez","description":"Sitio Oficial","publisher":{"@id":"https:\/\/kvmcampus.com\/cl\/#organization"},"potentialAction":[{"@type":"SearchAction","target":{"@type":"EntryPoint","urlTemplate":"https:\/\/kvmcampus.com\/cl\/?s={search_term_string}"},"query-input":"required name=search_term_string"}],"inLanguage":"es"},{"@type":"Organization","@id":"https:\/\/kvmcampus.com\/cl\/#organization","name":"Kata V\u00e1squez","url":"https:\/\/kvmcampus.com\/cl\/","sameAs":[],"logo":{"@type":"ImageObject","inLanguage":"es","@id":"https:\/\/kvmcampus.com\/cl\/#\/schema\/logo\/image\/","url":"https:\/\/kvmcampus.com\/cl\/wp-content\/uploads\/Logo-negro-KVMLab.webp","contentUrl":"https:\/\/kvmcampus.com\/cl\/wp-content\/uploads\/Logo-negro-KVMLab.webp","width":1000,"height":200,"caption":"Kata V\u00e1squez"},"image":{"@id":"https:\/\/kvmcampus.com\/cl\/#\/schema\/logo\/image\/"}}]}},"_links":{"self":[{"href":"https:\/\/kvmcampus.com\/cl\/wp-json\/wp\/v2\/product\/1254","targetHints":{"allow":["GET"]}}],"collection":[{"href":"https:\/\/kvmcampus.com\/cl\/wp-json\/wp\/v2\/product"}],"about":[{"href":"https:\/\/kvmcampus.com\/cl\/wp-json\/wp\/v2\/types\/product"}],"replies":[{"embeddable":true,"href":"https:\/\/kvmcampus.com\/cl\/wp-json\/wp\/v2\/comments?post=1254"}],"version-history":[{"count":9,"href":"https:\/\/kvmcampus.com\/cl\/wp-json\/wp\/v2\/product\/1254\/revisions"}],"predecessor-version":[{"id":8234,"href":"https:\/\/kvmcampus.com\/cl\/wp-json\/wp\/v2\/product\/1254\/revisions\/8234"}],"wp:featuredmedia":[{"embeddable":true,"href":"https:\/\/kvmcampus.com\/cl\/wp-json\/wp\/v2\/media\/8473"}],"wp:attachment":[{"href":"https:\/\/kvmcampus.com\/cl\/wp-json\/wp\/v2\/media?parent=1254"}],"wp:term":[{"taxonomy":"product_cat","embeddable":true,"href":"https:\/\/kvmcampus.com\/cl\/wp-json\/wp\/v2\/product_cat?post=1254"},{"taxonomy":"product_tag","embeddable":true,"href":"https:\/\/kvmcampus.com\/cl\/wp-json\/wp\/v2\/product_tag?post=1254"}],"curies":[{"name":"wp","href":"https:\/\/api.w.org\/{rel}","templated":true}]}}