{"id":1129,"date":"2022-04-21T11:11:26","date_gmt":"2022-04-21T15:11:26","guid":{"rendered":"https:\/\/kvmcampus.com\/cl\/?page_id=1129"},"modified":"2022-04-21T11:13:47","modified_gmt":"2022-04-21T15:13:47","slug":"politica-de-privacidad","status":"publish","type":"page","link":"https:\/\/kvmcampus.com\/cl\/politica-de-privacidad\/","title":{"rendered":"Pol\u00edtica de privacidad"},"content":{"rendered":"\t\t<div data-elementor-type=\"wp-page\" data-elementor-id=\"1129\" class=\"elementor elementor-1129\">\n\t\t\t\t\t\t<div class=\"elementor-inner\">\n\t\t\t\t<div class=\"elementor-section-wrap\">\n\t\t\t\t\t\t\t\t\t<section data-particle_enable=\"false\" data-particle-mobile-disabled=\"false\" class=\"elementor-section elementor-top-section elementor-element elementor-element-6a066470 elementor-section-boxed elementor-section-height-default elementor-section-height-default\" data-id=\"6a066470\" data-element_type=\"section\">\n\t\t\t\t\t\t<div class=\"elementor-container elementor-column-gap-default\">\n\t\t\t\t\t\t\t<div class=\"elementor-row\">\n\t\t\t\t\t<div class=\"elementor-column elementor-col-100 elementor-top-column elementor-element elementor-element-6ba33eec\" data-id=\"6ba33eec\" data-element_type=\"column\">\n\t\t\t<div class=\"elementor-column-wrap elementor-element-populated\">\n\t\t\t\t\t\t\t<div class=\"elementor-widget-wrap\">\n\t\t\t\t\t\t<div class=\"elementor-element elementor-element-d9f8fb5 elementor-widget elementor-widget-heading\" data-id=\"d9f8fb5\" data-element_type=\"widget\" data-widget_type=\"heading.default\">\n\t\t\t\t<div class=\"elementor-widget-container\">\n\t\t\t<style>\/*! elementor - v3.6.8 - 27-07-2022 *\/\n.elementor-heading-title{padding:0;margin:0;line-height:1}.elementor-widget-heading .elementor-heading-title[class*=elementor-size-]>a{color:inherit;font-size:inherit;line-height:inherit}.elementor-widget-heading .elementor-heading-title.elementor-size-small{font-size:15px}.elementor-widget-heading .elementor-heading-title.elementor-size-medium{font-size:19px}.elementor-widget-heading .elementor-heading-title.elementor-size-large{font-size:29px}.elementor-widget-heading .elementor-heading-title.elementor-size-xl{font-size:39px}.elementor-widget-heading .elementor-heading-title.elementor-size-xxl{font-size:59px}<\/style><h2 class=\"elementor-heading-title elementor-size-default\">Pol\u00edtica de privacidad<\/h2>\t\t<\/div>\n\t\t\t\t<\/div>\n\t\t\t\t<div class=\"elementor-element elementor-element-7f0a6a04 elementor-widget elementor-widget-text-editor\" data-id=\"7f0a6a04\" data-element_type=\"widget\" data-widget_type=\"text-editor.default\">\n\t\t\t\t<div class=\"elementor-widget-container\">\n\t\t\t<style>\/*! elementor - v3.6.8 - 27-07-2022 *\/\n.elementor-widget-text-editor.elementor-drop-cap-view-stacked .elementor-drop-cap{background-color:#818a91;color:#fff}.elementor-widget-text-editor.elementor-drop-cap-view-framed .elementor-drop-cap{color:#818a91;border:3px solid;background-color:transparent}.elementor-widget-text-editor:not(.elementor-drop-cap-view-default) .elementor-drop-cap{margin-top:8px}.elementor-widget-text-editor:not(.elementor-drop-cap-view-default) .elementor-drop-cap-letter{width:1em;height:1em}.elementor-widget-text-editor .elementor-drop-cap{float:left;text-align:center;line-height:1;font-size:50px}.elementor-widget-text-editor .elementor-drop-cap-letter{display:inline-block}<\/style>\t\t\t\t\t<div class=\"elementor-text-editor elementor-clearfix\">\n\t\t\t\t<p>Katavasquez.com y sus filiales o empresas relacionadas, en adelante \u201cla empresa\u201d,\u00a0 ponen en conocimiento de todas las personas que acceden al PORTAL www.katavasquez.com o www.kvmlab.cl o www.workholistic.cl la siguiente Pol\u00edtica de Privacidad, a fin de garantizar el debido respeto y protecci\u00f3n constitucional a la vida privada y a la honra de las personas y sus familias, y asimismo, garantizar la protecci\u00f3n de sus datos personales.<\/p><p>El tratamiento y protecci\u00f3n de estos datos se efect\u00faa por parte del MEE, en la forma y condiciones que determina la ley N\u00ba 19.628 de 1999 sobre Protecci\u00f3n de la Vida Privada, o la o las que en el futuro la reemplacen; en los t\u00e9rminos, \u00e1mbitos y condiciones que se expresan a continuaci\u00f3n:<\/p><h3><span style=\"color: #b7955e;\">Mecanismos de captura o recopilaci\u00f3n de datos personales<\/span><\/h3><p>El sitio recopila datos de los suscriptores, usuarios y\/o visitantes que hagan uso de este portal, a trav\u00e9s de dos mecanismos:<\/p><p>\u2022 MECANISMOS AUTOM\u00c1TICOS: son aquellos procesos inform\u00e1ticos realizados para generar registros de las actividades de los visitantes de sitios web, y cuyo objetivo es establecer patrones de actividad, navegaci\u00f3n y audiencia, que no implican la identificaci\u00f3n personal de aquellos suscriptores, usuarios y\/o visitantes que accedan al portal www.katavasquez.com o www.kvmlab.cl. Katavasquez.com y sus filiales o empresas relacionadas se reserva el derecho de usar dicha informaci\u00f3n general, a fin de establecer criterios que mejoren los contenidos de este sistema, en todo caso siempre disociados de la persona que dej\u00f3 los datos en su navegaci\u00f3n.<\/p><p>\u2022 MECANISMOS MANUALES: son requerimientos formales y expresos de informaci\u00f3n a los suscriptores, usuarios y\/o visitantes del portal que implican la recolecci\u00f3n de datos personales tales como nombre, apellidos, empresa, correo electr\u00f3nico, ocupaci\u00f3n, entre otros.<\/p><p>MEE recopila estos datos con el objeto de mejorar la calidad de informaci\u00f3n del portal y dar una mejor atenci\u00f3n ante consultas de sus clientes.<\/p><h3><span style=\"color: #b7955e;\">Tratamiento de los datos<\/span><\/h3><p>\u2022 Respecto de la entrega de informaci\u00f3n recopilada por medio de los mecanismos autom\u00e1ticos antes se\u00f1alados, y que no contengan identificaci\u00f3n personal de los suscriptores, usuarios y\/o visitantes de la p\u00e1gina, \u00e9sta podr\u00e1 ser utilizada para informar a entidades p\u00fablicas, gubernamentales o a terceros sobre patrones de actividad, navegaci\u00f3n, audiencia y caracterizaci\u00f3n general de este sistema.<\/p><p>\u2022 Respecto de los datos personales de los usuarios, recolectados a trav\u00e9s de mecanismos manuales u otros medios, \u00e9stos ser\u00e1n tratados para mejorar la calidad de informaci\u00f3n del portal y dar una mejor atenci\u00f3n ante consultas de sus clientes.<\/p><p>Al aceptar las presentes Pol\u00edticas de Privacidad, usted autoriza a la empresa para:<\/p><p>\u2022 Comunicar a sus \u00e1reas internas sus datos personales con el \u00fanico objetivo de mejorar la calidad de informaci\u00f3n del portal, la calidad de su comunicaci\u00f3n y dar una mejor atenci\u00f3n ante consultas de sus clientes.<\/p><p>\u2022 Comunicar a terceros informaci\u00f3n estad\u00edstica elaborada a partir de los datos personales de sus usuarios, cuando de dichos datos no sea posible identificar individualmente a los titulares (datos disociados), de conformidad a la Ley.<\/p><p>Aparte de las autorizaciones establecidas anteriormente, la empresa mantendr\u00e1 la debida confidencialidad de los datos personales y no los trasmitir\u00e1 a terceros, salvo cuando se deban entregar en raz\u00f3n de un mandato legal o una orden emanada de los Tribunales de Justicia que as\u00ed lo requieran.<\/p><h3><span style=\"color: #b7955e;\">Derechos del titular de los datos<\/span><\/h3><p>\u2022 Solicitar informaci\u00f3n respecto de los bancos de datos de los que sea responsable el organismo, el fundamento jur\u00eddico de su existencia, su finalidad, tipos de datos almacenados y descripci\u00f3n del universo de personas que comprende.<\/p><p>\u2022 Solicitar informaci\u00f3n sobre los datos relativos a su persona, su procedencia y destinatario, el prop\u00f3sito del almacenamiento y la individualizaci\u00f3n de las personas u organismos a los cuales sus datos son transmitidos regularmente.<\/p><p>\u2022 Solicitar que se modifiquen sus datos personales cuando ellos no sean correctos o no est\u00e9n actualizados, si fuere procedente.<\/p><p>\u2022 Solicitar la eliminaci\u00f3n o cancelaci\u00f3n de los datos entregados cuando as\u00ed lo desee, en tanto fuere procedente.<\/p><h3><span style=\"color: #b7955e;\">Obligaciones de www.katavasquez.com o www.kvmlab.cl y sus filiales<\/span><\/h3><p>\u2022 Tanto la empresa como todas las personas que acceden al sitio www.katavasquez.com o www.kvmlab.cl, declaran y reconocen el deber de guardar la m\u00e1s absoluta y estricta confidencialidad de toda la informaci\u00f3n que conozcan en virtud del uso que hagan del mencionado sitio, en lo tocante a la informaci\u00f3n personal y sensible de los usuarios en conformidad con lo dispuesto en el art\u00edculo 19 N\u00ba 4 de la Constituci\u00f3n Pol\u00edtica de la Rep\u00fablica y a las normas pertinentes de la Ley N\u00ba 19.628 ya citada, en virtud del cual la empresa est\u00e1 obligado a mantener tanto la debida reserva, como la fidelidad, integridad y continuidad de la informaci\u00f3n.<\/p><p>\u2022 En el \u00e1mbito de las atenciones de los usuarios brindadas a trav\u00e9s del portal www.katavasquez.com o www.kvmlab.cl, queda expresamente establecido que la empresa ha velado y velar\u00e1 suficientemente por la confidencialidad de la informaci\u00f3n a la que se tenga acceso por cualquier causa derivada directa o indirectamente de su uso, estando prohibida para todas las personas su adulteraci\u00f3n o difusi\u00f3n no autorizada por la empresa, as\u00ed como la consignaci\u00f3n de informaci\u00f3n falsa durante el proceso de atenciones que efect\u00faen a trav\u00e9s de dicho canal, con plena y estricta sujeci\u00f3n a lo dispuesto en la ya citada Ley N\u00ba 19628 y dem\u00e1s normas aplicables en la especie.<\/p><p>\u2022 Asimismo, la empresa deja expresamente establecido que toda la informaci\u00f3n entregada de cualquier forma por el usuario a trav\u00e9s del sitio www.katavasquez.com o www.kvmlab.cl es informaci\u00f3n privada del usuario que la proporciona y bajo la responsabilidad de la empresa \u2013sea que se administre, proporcione o mantenga con recursos propios o de terceros proveedores-, de manera que la entrega de la misma a trav\u00e9s de sus dispositivos, mecanismos y modalidades, ser\u00e1 bajo las directrices dispuestas por la empresa en esta materia; y siempre y en todo caso previamente concertada y acordada con la concurrencia del usuario titular, constatada en el presente acto de conocimiento y aceptaci\u00f3n.<\/p><p>\u2022 Con la finalidad de garantizar en la m\u00e1xima medida posible el adecuado resguardo e integridad de la informaci\u00f3n, el ingreso y autenticaci\u00f3n de usuarios, los privilegios de acceso y dem\u00e1s protocolos necesarios para el correcto tratamiento de la informaci\u00f3n, trat\u00e1ndose de atenciones y prestaciones relacionadas directa o indirectamente con el uso y disposici\u00f3n de datos personales o sensibles de los usuarios, se efect\u00faa bajo el cabal conocimiento y aceptaci\u00f3n de las presentes condiciones y pol\u00edtica de privacidad que la empresa declara y mantiene, en resguardo de los derechos y propiedad de datos de todos sus usuarios.<\/p><h3><span style=\"color: #b7955e;\">Importante<\/span><\/h3><p>Para toda informaci\u00f3n adicional o complementaria, el titular podr\u00e1 comunicarse al correo electr\u00f3nico contacto@kvmcampus.com<\/p><p>\u00a0<\/p>\t\t\t\t\t<\/div>\n\t\t\t\t\t\t<\/div>\n\t\t\t\t<\/div>\n\t\t\t\t\t\t<\/div>\n\t\t\t\t\t<\/div>\n\t\t<\/div>\n\t\t\t\t\t\t\t\t<\/div>\n\t\t\t\t\t<\/div>\n\t\t<\/section>\n\t\t\t\t\t\t\t\t\t<\/div>\n\t\t\t<\/div>\n\t\t\t\t\t<\/div>\n\t\t","protected":false},"excerpt":{"rendered":"<p>Pol\u00edtica de privacidad Katavasquez.com y sus filiales o empresas relacionadas, en adelante \u201cla empresa\u201d,\u00a0 ponen en conocimiento de todas las personas que acceden al PORTAL www.katavasquez.com o www.kvmlab.cl o www.workholistic.cl la siguiente Pol\u00edtica de Privacidad, a fin de garantizar el debido respeto y protecci\u00f3n constitucional a la vida privada y a la honra de las &hellip;<\/p>\n<p class=\"read-more\"> <a class=\"\" href=\"https:\/\/kvmcampus.com\/cl\/politica-de-privacidad\/\"> <span class=\"screen-reader-text\">Pol\u00edtica de privacidad<\/span> Leer m\u00e1s \u00bb<\/a><\/p>\n","protected":false},"author":9,"featured_media":0,"parent":0,"menu_order":0,"comment_status":"closed","ping_status":"closed","template":"","meta":{"site-sidebar-layout":"default","site-content-layout":"default","ast-global-header-display":"","ast-main-header-display":"","ast-hfb-above-header-display":"","ast-hfb-below-header-display":"","ast-hfb-mobile-header-display":"","site-post-title":"","ast-breadcrumbs-content":"","ast-featured-img":"","footer-sml-layout":"","theme-transparent-header-meta":"","adv-header-id-meta":"","stick-header-meta":"","header-above-stick-meta":"","header-main-stick-meta":"","header-below-stick-meta":"","footnotes":""},"class_list":["post-1129","page","type-page","status-publish","hentry"],"yoast_head":"<!-- This site is optimized with the Yoast SEO plugin v19.6 - https:\/\/yoast.com\/wordpress\/plugins\/seo\/ -->\n<title>Pol\u00edtica de privacidad - Kata V\u00e1squez<\/title>\n<meta name=\"robots\" content=\"noindex, follow\" \/>\n<meta property=\"og:locale\" content=\"es_ES\" \/>\n<meta property=\"og:type\" content=\"article\" \/>\n<meta property=\"og:title\" content=\"Pol\u00edtica de privacidad - Kata V\u00e1squez\" \/>\n<meta property=\"og:description\" content=\"Pol\u00edtica de privacidad Katavasquez.com y sus filiales o empresas relacionadas, en adelante \u201cla empresa\u201d,\u00a0 ponen en conocimiento de todas las personas que acceden al PORTAL www.katavasquez.com o www.kvmlab.cl o www.workholistic.cl la siguiente Pol\u00edtica de Privacidad, a fin de garantizar el debido respeto y protecci\u00f3n constitucional a la vida privada y a la honra de las &hellip; Pol\u00edtica de privacidad Leer m\u00e1s \u00bb\" \/>\n<meta property=\"og:url\" content=\"https:\/\/kvmcampus.com\/cl\/politica-de-privacidad\/\" \/>\n<meta property=\"og:site_name\" content=\"Kata V\u00e1squez\" \/>\n<meta property=\"article:modified_time\" content=\"2022-04-21T15:13:47+00:00\" \/>\n<meta name=\"twitter:card\" content=\"summary_large_image\" \/>\n<meta name=\"twitter:label1\" content=\"Tiempo de lectura\" \/>\n\t<meta name=\"twitter:data1\" content=\"6 minutos\" \/>\n<script type=\"application\/ld+json\" class=\"yoast-schema-graph\">{\"@context\":\"https:\/\/schema.org\",\"@graph\":[{\"@type\":\"WebPage\",\"@id\":\"https:\/\/kvmcampus.com\/cl\/politica-de-privacidad\/\",\"url\":\"https:\/\/kvmcampus.com\/cl\/politica-de-privacidad\/\",\"name\":\"Pol\u00edtica de privacidad - Kata V\u00e1squez\",\"isPartOf\":{\"@id\":\"https:\/\/kvmcampus.com\/cl\/#website\"},\"datePublished\":\"2022-04-21T15:11:26+00:00\",\"dateModified\":\"2022-04-21T15:13:47+00:00\",\"breadcrumb\":{\"@id\":\"https:\/\/kvmcampus.com\/cl\/politica-de-privacidad\/#breadcrumb\"},\"inLanguage\":\"es\",\"potentialAction\":[{\"@type\":\"ReadAction\",\"target\":[\"https:\/\/kvmcampus.com\/cl\/politica-de-privacidad\/\"]}]},{\"@type\":\"BreadcrumbList\",\"@id\":\"https:\/\/kvmcampus.com\/cl\/politica-de-privacidad\/#breadcrumb\",\"itemListElement\":[{\"@type\":\"ListItem\",\"position\":1,\"name\":\"Home\",\"item\":\"https:\/\/kvmcampus.com\/cl\/\"},{\"@type\":\"ListItem\",\"position\":2,\"name\":\"Pol\u00edtica de privacidad\"}]},{\"@type\":\"WebSite\",\"@id\":\"https:\/\/kvmcampus.com\/cl\/#website\",\"url\":\"https:\/\/kvmcampus.com\/cl\/\",\"name\":\"Kata V\u00e1squez\",\"description\":\"Sitio Oficial\",\"publisher\":{\"@id\":\"https:\/\/kvmcampus.com\/cl\/#organization\"},\"potentialAction\":[{\"@type\":\"SearchAction\",\"target\":{\"@type\":\"EntryPoint\",\"urlTemplate\":\"https:\/\/kvmcampus.com\/cl\/?s={search_term_string}\"},\"query-input\":\"required name=search_term_string\"}],\"inLanguage\":\"es\"},{\"@type\":\"Organization\",\"@id\":\"https:\/\/kvmcampus.com\/cl\/#organization\",\"name\":\"Kata V\u00e1squez\",\"url\":\"https:\/\/kvmcampus.com\/cl\/\",\"sameAs\":[],\"logo\":{\"@type\":\"ImageObject\",\"inLanguage\":\"es\",\"@id\":\"https:\/\/kvmcampus.com\/cl\/#\/schema\/logo\/image\/\",\"url\":\"https:\/\/kvmcampus.com\/cl\/wp-content\/uploads\/Logo-negro-KVMLab.webp\",\"contentUrl\":\"https:\/\/kvmcampus.com\/cl\/wp-content\/uploads\/Logo-negro-KVMLab.webp\",\"width\":1000,\"height\":200,\"caption\":\"Kata V\u00e1squez\"},\"image\":{\"@id\":\"https:\/\/kvmcampus.com\/cl\/#\/schema\/logo\/image\/\"}}]}<\/script>\n<!-- \/ Yoast SEO plugin. -->","yoast_head_json":{"title":"Pol\u00edtica de privacidad - Kata V\u00e1squez","robots":{"index":"noindex","follow":"follow"},"og_locale":"es_ES","og_type":"article","og_title":"Pol\u00edtica de privacidad - Kata V\u00e1squez","og_description":"Pol\u00edtica de privacidad Katavasquez.com y sus filiales o empresas relacionadas, en adelante \u201cla empresa\u201d,\u00a0 ponen en conocimiento de todas las personas que acceden al PORTAL www.katavasquez.com o www.kvmlab.cl o www.workholistic.cl la siguiente Pol\u00edtica de Privacidad, a fin de garantizar el debido respeto y protecci\u00f3n constitucional a la vida privada y a la honra de las &hellip; Pol\u00edtica de privacidad Leer m\u00e1s \u00bb","og_url":"https:\/\/kvmcampus.com\/cl\/politica-de-privacidad\/","og_site_name":"Kata V\u00e1squez","article_modified_time":"2022-04-21T15:13:47+00:00","twitter_card":"summary_large_image","twitter_misc":{"Tiempo de lectura":"6 minutos"},"schema":{"@context":"https:\/\/schema.org","@graph":[{"@type":"WebPage","@id":"https:\/\/kvmcampus.com\/cl\/politica-de-privacidad\/","url":"https:\/\/kvmcampus.com\/cl\/politica-de-privacidad\/","name":"Pol\u00edtica de privacidad - Kata V\u00e1squez","isPartOf":{"@id":"https:\/\/kvmcampus.com\/cl\/#website"},"datePublished":"2022-04-21T15:11:26+00:00","dateModified":"2022-04-21T15:13:47+00:00","breadcrumb":{"@id":"https:\/\/kvmcampus.com\/cl\/politica-de-privacidad\/#breadcrumb"},"inLanguage":"es","potentialAction":[{"@type":"ReadAction","target":["https:\/\/kvmcampus.com\/cl\/politica-de-privacidad\/"]}]},{"@type":"BreadcrumbList","@id":"https:\/\/kvmcampus.com\/cl\/politica-de-privacidad\/#breadcrumb","itemListElement":[{"@type":"ListItem","position":1,"name":"Home","item":"https:\/\/kvmcampus.com\/cl\/"},{"@type":"ListItem","position":2,"name":"Pol\u00edtica de privacidad"}]},{"@type":"WebSite","@id":"https:\/\/kvmcampus.com\/cl\/#website","url":"https:\/\/kvmcampus.com\/cl\/","name":"Kata V\u00e1squez","description":"Sitio Oficial","publisher":{"@id":"https:\/\/kvmcampus.com\/cl\/#organization"},"potentialAction":[{"@type":"SearchAction","target":{"@type":"EntryPoint","urlTemplate":"https:\/\/kvmcampus.com\/cl\/?s={search_term_string}"},"query-input":"required name=search_term_string"}],"inLanguage":"es"},{"@type":"Organization","@id":"https:\/\/kvmcampus.com\/cl\/#organization","name":"Kata V\u00e1squez","url":"https:\/\/kvmcampus.com\/cl\/","sameAs":[],"logo":{"@type":"ImageObject","inLanguage":"es","@id":"https:\/\/kvmcampus.com\/cl\/#\/schema\/logo\/image\/","url":"https:\/\/kvmcampus.com\/cl\/wp-content\/uploads\/Logo-negro-KVMLab.webp","contentUrl":"https:\/\/kvmcampus.com\/cl\/wp-content\/uploads\/Logo-negro-KVMLab.webp","width":1000,"height":200,"caption":"Kata V\u00e1squez"},"image":{"@id":"https:\/\/kvmcampus.com\/cl\/#\/schema\/logo\/image\/"}}]}},"_links":{"self":[{"href":"https:\/\/kvmcampus.com\/cl\/wp-json\/wp\/v2\/pages\/1129","targetHints":{"allow":["GET"]}}],"collection":[{"href":"https:\/\/kvmcampus.com\/cl\/wp-json\/wp\/v2\/pages"}],"about":[{"href":"https:\/\/kvmcampus.com\/cl\/wp-json\/wp\/v2\/types\/page"}],"author":[{"embeddable":true,"href":"https:\/\/kvmcampus.com\/cl\/wp-json\/wp\/v2\/users\/9"}],"replies":[{"embeddable":true,"href":"https:\/\/kvmcampus.com\/cl\/wp-json\/wp\/v2\/comments?post=1129"}],"version-history":[{"count":7,"href":"https:\/\/kvmcampus.com\/cl\/wp-json\/wp\/v2\/pages\/1129\/revisions"}],"predecessor-version":[{"id":1140,"href":"https:\/\/kvmcampus.com\/cl\/wp-json\/wp\/v2\/pages\/1129\/revisions\/1140"}],"wp:attachment":[{"href":"https:\/\/kvmcampus.com\/cl\/wp-json\/wp\/v2\/media?parent=1129"}],"curies":[{"name":"wp","href":"https:\/\/api.w.org\/{rel}","templated":true}]}}